{"id":497,"date":"2018-12-04T09:51:10","date_gmt":"2018-12-04T08:51:10","guid":{"rendered":"https:\/\/telensky.com\/jan-telensky\/"},"modified":"2023-05-10T15:30:40","modified_gmt":"2023-05-10T13:30:40","slug":"jan-telensky","status":"publish","type":"page","link":"https:\/\/telensky.com\/cs\/","title":{"rendered":"Jan Telensky"},"content":{"rendered":"<div  class=\"lgc-column lgc-grid-parent lgc-grid-55 lgc-tablet-grid-55 lgc-mobile-grid-100 lgc-equal-heights \"><div  class=\"inside-grid-column\">\n<p>Kdy\u017e p\u0159ist\u00e1l na t\u011bchto b\u0159ez\u00edch 21. srpna 1969, p\u0159esn\u011b jeden rok od invaze \u010ceskoslovenska Rusy, m\u011bl u sebe jen 2 libry.\u00a0&#8222;Neum\u011bl jsem anglicky, nem\u011bl jsem kde bydlet.\u00a0Tak\u017ee jsem dva t\u00fddny spal na h\u0159bitov\u011b u Dunstablu. &#8222;Alespo\u0148 jsem m\u011bl velmi klidn\u00e9 sousedy\u201c, \u0159\u00edk\u00e1. Prost\u0159ednictv\u00edm rodinn\u00e9ho p\u0159\u00edtele Telensky nakonec dostal pr\u00e1ci na mont\u00e1\u017en\u00ed lince v tov\u00e1rn\u011b na automobily Vauxhall v Lutonu a n\u00e1sledn\u011b jako bezpe\u010dnostn\u00ed str\u00e1\u017e na m\u011bstsk\u00e9m leti\u0161ti.\u00a0Jeho c\u00edlem v t\u011bchto zam\u011bstn\u00e1n\u00edch v\u017edy bylo zlep\u0161it si angli\u010dtinu.\u00a0Pak v roce 1973 p\u0159i\u0161la p\u0159\u00edle\u017eitost koupit si obchod s lah\u016fdkami na Barry Road v Lutonu, kde se stravovali p\u0159edev\u0161\u00edm Italov\u00e9, Pol\u00e1ci a dal\u0161\u00ed v\u00fdchodn\u00ed Evropan\u00e9.\u00a0&#8222;Ten star\u00fd kamar\u00e1d, kter\u00fd vlastnil obchod, se chystal odej\u00edt do d\u016fchodu a nikdo od n\u011bj obchod necht\u011bl p\u0159evz\u00edt, a tak jsem ho koupil j\u00e1.&#8220; Telensk\u00fd z n\u011bj vybudoval firmu a v roce 1976 ji za zna\u010dnou \u010d\u00e1stku prodal.<\/p>\n<p>Pak, ve v\u011bku jen 28 let, se rozhodl odej\u00edt do d\u016fchodu &#8211; ale rychle se za\u010dal nudit.\u00a0&#8220;\u00a0<strong>Neuv\u011bdomil jsem si, \u017ee odchod do d\u016fchodu je stav mysli.<\/strong>&#8220; Pou\u017eil tedy pen\u00edze z prodeje ke koupi \u010dty\u0159 dom\u016f, ka\u017ed\u00fd za \u00a3 10,000 &#8211; 12000 liber.\u00a0Zrekonstruoval je a pronaj\u00edmal &#8211; to byl jeho prvn\u00ed krok k v\u00fdvoji nemovitost\u00ed, co\u017e je podnik\u00e1n\u00ed, kter\u00e9mu se od t\u00e9 doby v\u011bnuje.\u00a0Ale st\u00e1le to nesta\u010dilo.\u00a0&#8222;Po \u010dty\u0159ech m\u011bs\u00edc\u00edch jsem se tak nudil, \u017ee jsem se zam\u011bstnal na \u010d\u00e1ste\u010dn\u00fd \u00favazek u firmy Scheideggers&#8220;, co\u017e byl pozd\u011bji nejv\u011bt\u0161\u00ed sekret\u00e1\u0159sk\u00fd vzd\u011bl\u00e1vac\u00ed institut v Evrop\u011b.\u00a0Nakonec se stal obchodn\u00edm \u0159editelem \u00a0spole\u010dnosti ve Spojen\u00e9m kr\u00e1lovstv\u00ed. \u201eProdukt \u00a0se mi zal\u00edbil tak, \u017ee jsem zah\u00e1jil sout\u011b\u017e,&#8220; dod\u00e1v\u00e1 Telensk\u00fd.\u00a0Opat\u0159il si 20 000 liber na zalo\u017een\u00ed sv\u00e9 vlastn\u00ed obchodn\u00ed tr\u00e9ninkov\u00e9 firmy v roce 1981 a nakonec sv\u00e9 b\u00fdval\u00e9 zam\u011bstnavatele vy\u0159adil, kdy\u017e v roce 1989 koupil Scheideggers za 50 000 liber od likvid\u00e1tora.<\/p>\n<p>Po celou dobu nakupoval tak\u00e9 nemovitosti &#8211; ve Velk\u00e9 Brit\u00e1nii jich vlastn\u00ed hodn\u011b.\u00a0Kdy\u017e padla \u017eelezn\u00e1 opona, koupil v Praze mnoho byt\u016f.\u00a0V\u00a0sou\u010dasn\u00e9 dob\u011b se zam\u011b\u0159uje na to, \u010demu \u0159\u00edk\u00e1 <strong>resort, kter\u00fd je nej\u0161etrn\u011bj\u0161\u00ed k \u017eivotn\u00edmu prost\u0159ed\u00ed na sv\u011bt\u011b. Aqua City<\/strong>, kter\u00fd nejprve zalo\u017eil v Tatr\u00e1ch v Popradu na Slovensku v roce 2002, vyu\u017e\u00edv\u00e1 geoterm\u00e1ln\u00ed energii z podzemn\u00edho jezera, aby udr\u017eovala baz\u00e9ny a sauny v letovisku tepl\u00e9 po cel\u00fd rok. V roce 2012 byl olympijsk\u00fdm ata\u0161\u00e9m slovensk\u00e9ho t\u00fdmu, kter\u00fd m\u011bl s\u00eddlo v <strong>institutu <\/strong>\u0159editelstv\u00ed\u00a0<strong>Pall Mall<\/strong>.\u00a0To jist\u011b pom\u00e1h\u00e1 Telensk\u00e9mu, aby se nenudil &#8211; \u00a0jeho \u0159et\u011bzec firem m\u00e1 v\u00a0sou\u010dasnosti obrat v\u00edce ne\u017e 70 milion\u016f liber ro\u010dn\u011b.\u00a0Ale to nen\u00ed jeho hlavn\u00ed priorita.<strong>&#8222;Nikdy nepracuji pro pen\u00edze \u2013 pen\u00edze za\u010dal jsem za\u010dal vyd\u011bl\u00e1vat, kdy\u017e jsem je \u00a0p\u0159estal po\u010d\u00edtat &#8230; Zaj\u00edm\u00e1 m\u011b v\u00fdsledek, n\u00e1pad.&#8220;<\/strong><\/p>\n<p>Motto Jana Telensk\u00e9ho \u2013 \u201cSna\u017e se o jasn\u00e9 definov\u00e1n\u00ed c\u00edle a ud\u011blej nemo\u017en\u00e9 mo\u017en\u00fdm bez v\u00fdmluvy\u201d<\/p>\n<p><\/p><\/div><\/div>\n<div  class=\"lgc-column lgc-grid-parent lgc-grid-45 lgc-tablet-grid-45 lgc-mobile-grid-100 lgc-equal-heights \"><div  class=\"inside-grid-column\">\n<p>\n\t\t<style type=\"text\/css\">\n\t\t\t#gallery-1 {\n\t\t\t\tmargin: auto;\n\t\t\t}\n\t\t\t#gallery-1 .gallery-item {\n\t\t\t\tfloat: left;\n\t\t\t\tmargin-top: 10px;\n\t\t\t\ttext-align: center;\n\t\t\t\twidth: 50%;\n\t\t\t}\n\t\t\t#gallery-1 img {\n\t\t\t\tborder: 2px solid #cfcfcf;\n\t\t\t}\n\t\t\t#gallery-1 .gallery-caption {\n\t\t\t\tmargin-left: 0;\n\t\t\t}\n\t\t\t\/* see gallery_shortcode() in wp-includes\/media.php *\/\n\t\t<\/style>\n\t\t<div id='gallery-1' class='gallery galleryid-497 gallery-columns-2 gallery-size-thumbnail'><dl class='gallery-item'>\n\t\t\t<dt class='gallery-icon portrait'>\n\t\t\t\t<a href='https:\/\/telensky.com\/wp-content\/uploads\/2019\/02\/1-1.jpg' title=\"\" data-rl_title=\"\" class=\"rl-gallery-link\" data-rl_caption=\"\" data-rel=\"lightbox-gallery-1\"><img loading=\"lazy\" decoding=\"async\" width=\"150\" height=\"150\" src=\"https:\/\/telensky.com\/wp-content\/uploads\/2019\/02\/1-1-150x150.jpg\" class=\"attachment-thumbnail size-thumbnail\" alt=\"\" \/><\/a>\n\t\t\t<\/dt><\/dl><dl class='gallery-item'>\n\t\t\t<dt class='gallery-icon portrait'>\n\t\t\t\t<a href='https:\/\/telensky.com\/wp-content\/uploads\/2019\/02\/2-1.jpg' title=\"\" data-rl_title=\"\" class=\"rl-gallery-link\" data-rl_caption=\"\" data-rel=\"lightbox-gallery-1\"><img loading=\"lazy\" decoding=\"async\" width=\"150\" height=\"150\" src=\"https:\/\/telensky.com\/wp-content\/uploads\/2019\/02\/2-1-150x150.jpg\" class=\"attachment-thumbnail size-thumbnail\" alt=\"\" \/><\/a>\n\t\t\t<\/dt><\/dl><br style=\"clear: both\" \/><dl class='gallery-item'>\n\t\t\t<dt class='gallery-icon portrait'>\n\t\t\t\t<a href='https:\/\/telensky.com\/wp-content\/uploads\/2019\/02\/DoIHoxsU8AASLgq.jpg' title=\"\" data-rl_title=\"\" class=\"rl-gallery-link\" data-rl_caption=\"\" data-rel=\"lightbox-gallery-1\"><img loading=\"lazy\" decoding=\"async\" width=\"150\" height=\"150\" src=\"https:\/\/telensky.com\/wp-content\/uploads\/2019\/02\/DoIHoxsU8AASLgq-150x150.jpg\" class=\"attachment-thumbnail size-thumbnail\" alt=\"\" \/><\/a>\n\t\t\t<\/dt><\/dl><dl class='gallery-item'>\n\t\t\t<dt class='gallery-icon portrait'>\n\t\t\t\t<a href='https:\/\/telensky.com\/wp-content\/uploads\/2023\/05\/WhatsApp-Image-2023-05-06-at-11.04.58-2-e1683654205598.jpeg' title=\"\" data-rl_title=\"\" class=\"rl-gallery-link\" data-rl_caption=\"\" data-rel=\"lightbox-gallery-1\"><img loading=\"lazy\" decoding=\"async\" width=\"150\" height=\"150\" src=\"https:\/\/telensky.com\/wp-content\/uploads\/2023\/05\/WhatsApp-Image-2023-05-06-at-11.04.58-2-e1683654205598-150x150.jpeg\" class=\"attachment-thumbnail size-thumbnail\" alt=\"\" \/><\/a>\n\t\t\t<\/dt><\/dl><br style=\"clear: both\" \/><dl class='gallery-item'>\n\t\t\t<dt class='gallery-icon landscape'>\n\t\t\t\t<a href='https:\/\/telensky.com\/wp-content\/uploads\/2023\/05\/WhatsApp-Image-2023-04-28-at-09.48.07-1.jpeg' title=\"\" data-rl_title=\"\" class=\"rl-gallery-link\" data-rl_caption=\"\" data-rel=\"lightbox-gallery-1\"><img loading=\"lazy\" decoding=\"async\" width=\"150\" height=\"150\" src=\"https:\/\/telensky.com\/wp-content\/uploads\/2023\/05\/WhatsApp-Image-2023-04-28-at-09.48.07-1-150x150.jpeg\" class=\"attachment-thumbnail size-thumbnail\" alt=\"\" \/><\/a>\n\t\t\t<\/dt><\/dl><dl class='gallery-item'>\n\t\t\t<dt class='gallery-icon landscape'>\n\t\t\t\t<a href='https:\/\/telensky.com\/wp-content\/uploads\/2022\/09\/WhatsApp-Image-2022-09-08-at-20.19.24.jpeg' title=\"\" data-rl_title=\"\" class=\"rl-gallery-link\" data-rl_caption=\"\" data-rel=\"lightbox-gallery-1\"><img loading=\"lazy\" decoding=\"async\" width=\"150\" height=\"150\" src=\"https:\/\/telensky.com\/wp-content\/uploads\/2022\/09\/WhatsApp-Image-2022-09-08-at-20.19.24-150x150.jpeg\" class=\"attachment-thumbnail size-thumbnail\" alt=\"\" \/><\/a>\n\t\t\t<\/dt><\/dl><br style=\"clear: both\" \/><dl class='gallery-item'>\n\t\t\t<dt class='gallery-icon landscape'>\n\t\t\t\t<a href='https:\/\/telensky.com\/wp-content\/uploads\/2021\/11\/WhatsApp-Image-2021-11-03-at-15.19.56-e1636044318665.jpeg' title=\"\" data-rl_title=\"\" class=\"rl-gallery-link\" data-rl_caption=\"\" data-rel=\"lightbox-gallery-1\"><img loading=\"lazy\" decoding=\"async\" width=\"150\" height=\"150\" src=\"https:\/\/telensky.com\/wp-content\/uploads\/2021\/11\/WhatsApp-Image-2021-11-03-at-15.19.56-e1636044318665-150x150.jpeg\" class=\"attachment-thumbnail size-thumbnail\" alt=\"\" \/><\/a>\n\t\t\t<\/dt><\/dl><dl class='gallery-item'>\n\t\t\t<dt class='gallery-icon landscape'>\n\t\t\t\t<a href='https:\/\/telensky.com\/wp-content\/uploads\/2019\/02\/mr-telensky-with-philip-duke-of-edinburgh2.jpg' title=\"\" data-rl_title=\"\" class=\"rl-gallery-link\" data-rl_caption=\"\" data-rel=\"lightbox-gallery-1\"><img loading=\"lazy\" decoding=\"async\" width=\"150\" height=\"150\" src=\"https:\/\/telensky.com\/wp-content\/uploads\/2019\/02\/mr-telensky-with-philip-duke-of-edinburgh2-150x150.jpg\" class=\"attachment-thumbnail size-thumbnail\" alt=\"\" \/><\/a>\n\t\t\t<\/dt><\/dl><br style=\"clear: both\" \/><dl class='gallery-item'>\n\t\t\t<dt class='gallery-icon portrait'>\n\t\t\t\t<a href='https:\/\/telensky.com\/wp-content\/uploads\/2019\/02\/article-2638312-image-1-1.jpg' title=\"\" data-rl_title=\"\" class=\"rl-gallery-link\" data-rl_caption=\"\" data-rel=\"lightbox-gallery-1\"><img loading=\"lazy\" decoding=\"async\" width=\"150\" height=\"150\" src=\"https:\/\/telensky.com\/wp-content\/uploads\/2019\/02\/article-2638312-image-1-1-150x150.jpg\" class=\"attachment-thumbnail size-thumbnail\" alt=\"\" \/><\/a>\n\t\t\t<\/dt><\/dl><dl class='gallery-item'>\n\t\t\t<dt class='gallery-icon landscape'>\n\t\t\t\t<a href='https:\/\/telensky.com\/wp-content\/uploads\/2019\/02\/article-1324927-image-1-1.jpg' title=\"\" data-rl_title=\"\" class=\"rl-gallery-link\" data-rl_caption=\"\" data-rel=\"lightbox-gallery-1\"><img loading=\"lazy\" decoding=\"async\" width=\"150\" height=\"150\" src=\"https:\/\/telensky.com\/wp-content\/uploads\/2019\/02\/article-1324927-image-1-1-150x150.jpg\" class=\"attachment-thumbnail size-thumbnail\" alt=\"\" \/><\/a>\n\t\t\t<\/dt><\/dl><br style=\"clear: both\" \/><dl class='gallery-item'>\n\t\t\t<dt class='gallery-icon landscape'>\n\t\t\t\t<a href='https:\/\/telensky.com\/wp-content\/uploads\/2019\/02\/o_telensky11.jpg' title=\"\" data-rl_title=\"\" class=\"rl-gallery-link\" data-rl_caption=\"\" data-rel=\"lightbox-gallery-1\"><img loading=\"lazy\" decoding=\"async\" width=\"150\" height=\"150\" src=\"https:\/\/telensky.com\/wp-content\/uploads\/2019\/02\/o_telensky11-150x150.jpg\" class=\"attachment-thumbnail size-thumbnail\" alt=\"\" \/><\/a>\n\t\t\t<\/dt><\/dl><dl class='gallery-item'>\n\t\t\t<dt class='gallery-icon portrait'>\n\t\t\t\t<a href='https:\/\/telensky.com\/wp-content\/uploads\/2019\/02\/jantelensky.jpg' title=\"\" data-rl_title=\"\" class=\"rl-gallery-link\" data-rl_caption=\"\" data-rel=\"lightbox-gallery-1\"><img loading=\"lazy\" decoding=\"async\" width=\"150\" height=\"150\" src=\"https:\/\/telensky.com\/wp-content\/uploads\/2019\/02\/jantelensky-150x150.jpg\" class=\"attachment-thumbnail size-thumbnail\" alt=\"\" \/><\/a>\n\t\t\t<\/dt><\/dl><br style=\"clear: both\" \/><dl class='gallery-item'>\n\t\t\t<dt class='gallery-icon portrait'>\n\t\t\t\t<a href='https:\/\/telensky.com\/wp-content\/uploads\/2019\/02\/6a8c1539ec70260851f77dd966f5e50c-1.jpg' title=\"\" data-rl_title=\"\" class=\"rl-gallery-link\" data-rl_caption=\"\" data-rel=\"lightbox-gallery-1\"><img loading=\"lazy\" decoding=\"async\" width=\"150\" height=\"150\" src=\"https:\/\/telensky.com\/wp-content\/uploads\/2019\/02\/6a8c1539ec70260851f77dd966f5e50c-1-150x150.jpg\" class=\"attachment-thumbnail size-thumbnail\" alt=\"\" \/><\/a>\n\t\t\t<\/dt><\/dl><dl class='gallery-item'>\n\t\t\t<dt class='gallery-icon landscape'>\n\t\t\t\t<a href='https:\/\/telensky.com\/wp-content\/uploads\/2019\/02\/13064544_492437334291784_6913669102865341084_o.jpg' title=\"\" data-rl_title=\"\" class=\"rl-gallery-link\" data-rl_caption=\"\" data-rel=\"lightbox-gallery-1\"><img loading=\"lazy\" decoding=\"async\" width=\"150\" height=\"150\" src=\"https:\/\/telensky.com\/wp-content\/uploads\/2019\/02\/13064544_492437334291784_6913669102865341084_o-150x150.jpg\" class=\"attachment-thumbnail size-thumbnail\" alt=\"\" \/><\/a>\n\t\t\t<\/dt><\/dl><br style=\"clear: both\" \/>\n\t\t<\/div>\n<\/p>\n<p><\/p><\/div><\/div><div class=\"lgc-clear\"><\/div>\n","protected":false},"excerpt":{"rendered":"","protected":false},"author":1,"featured_media":0,"parent":0,"menu_order":0,"comment_status":"closed","ping_status":"closed","template":"","meta":{"footnotes":""},"class_list":["post-497","page","type-page","status-publish","hentry"],"aioseo_notices":[],"_links":{"self":[{"href":"https:\/\/telensky.com\/cs\/wp-json\/wp\/v2\/pages\/497","targetHints":{"allow":["GET"]}}],"collection":[{"href":"https:\/\/telensky.com\/cs\/wp-json\/wp\/v2\/pages"}],"about":[{"href":"https:\/\/telensky.com\/cs\/wp-json\/wp\/v2\/types\/page"}],"author":[{"embeddable":true,"href":"https:\/\/telensky.com\/cs\/wp-json\/wp\/v2\/users\/1"}],"replies":[{"embeddable":true,"href":"https:\/\/telensky.com\/cs\/wp-json\/wp\/v2\/comments?post=497"}],"version-history":[{"count":6,"href":"https:\/\/telensky.com\/cs\/wp-json\/wp\/v2\/pages\/497\/revisions"}],"predecessor-version":[{"id":1067,"href":"https:\/\/telensky.com\/cs\/wp-json\/wp\/v2\/pages\/497\/revisions\/1067"}],"wp:attachment":[{"href":"https:\/\/telensky.com\/cs\/wp-json\/wp\/v2\/media?parent=497"}],"curies":[{"name":"wp","href":"https:\/\/api.w.org\/{rel}","templated":true}]}}