{"id":504,"date":"2019-02-06T11:29:19","date_gmt":"2019-02-06T10:29:19","guid":{"rendered":"https:\/\/telensky.com\/education\/"},"modified":"2020-01-27T13:11:16","modified_gmt":"2020-01-27T12:11:16","slug":"vzdelani","status":"publish","type":"page","link":"https:\/\/telensky.com\/cs\/vzdelani\/","title":{"rendered":"Vzd\u011bl\u00e1n\u00ed"},"content":{"rendered":"<p><strong>Produkt virtu\u00e1ln\u00ed reality ji\u017e z\u00edskal \u0159adu ocen\u011bn\u00ed v\u010detn\u011b: Nejlep\u0161\u00ed e-learningov\u00fd projekt &#8211; soukrom\u00fd sektor;\u00a0Nejlep\u0161\u00ed simulace nebo virtu\u00e1ln\u00ed prost\u0159ed\u00ed;\u00a0Nejlep\u0161\u00ed vyu\u017eit\u00ed sm\u00ed\u0161en\u00e9ho u\u010den\u00ed;\u00a0e-learning &#8211; ocen\u011bn\u00ed vynikaj\u00edc\u00ed vzd\u011bl\u00e1vac\u00ed organizace;\u00a0Nejv\u00edce inovativn\u00ed nov\u00fd u\u010debn\u00ed produkt;\u00a0a nejlep\u0161\u00ed vzd\u011bl\u00e1vac\u00ed technologie.<\/strong><br \/>\n<iframe loading=\"lazy\" src=\"https:\/\/www.youtube.com\/embed\/v8BzbVDVuLg\" width=\"560\" height=\"315\" frameborder=\"0\" allowfullscreen=\"allowfullscreen\"><\/iframe><\/p>\n<p>Jan Telensk\u00fd v\u011bnuje po\u010d\u00edta\u010de \u0161kol\u00e1m na Slovensku a vytv\u00e1\u0159\u00ed laborato\u0159e IT v z\u00e1kladn\u00edch \u0161kol\u00e1ch.\u00a0Sponzoruje tak\u00e9 talentovan\u00e9, ale znev\u00fdhodn\u011bn\u00e9 studenty na n\u011bkolika univerzit\u00e1ch.<\/p>\n\t\t\t    <ul class=\"gallery\">\r\n\t\t\t        \t\t\t        \t\r\n\t\t\t            <li>\r\n\t\t\t                <a rel=\"lightbox[roadtrip]\" href=\"https:\/\/telensky.com\/wp-content\/uploads\/2019\/02\/DSC_0713-2.jpg\" title=\"\" data-rel=\"lightbox-image-0\" data-rl_title=\"\" data-rl_caption=\"\">\r\n\t\t\t                     <img decoding=\"async\" src=\"https:\/\/telensky.com\/wp-content\/uploads\/2019\/02\/DSC_0713-2-400x283.jpg\" title=\"DSC_0713-2\" alt=\"\" \/>\r\n\t\t\t                <\/a>\r\n\t\t\t                \r\n\t\t\t            <\/li>\r\n\t\t\t        \t\t\t        \t\r\n\t\t\t            <li>\r\n\t\t\t                <a rel=\"lightbox[roadtrip]\" href=\"https:\/\/telensky.com\/wp-content\/uploads\/2019\/02\/DSC_0786-1.jpg\" title=\"\" data-rel=\"lightbox-image-1\" data-rl_title=\"\" data-rl_caption=\"\">\r\n\t\t\t                     <img decoding=\"async\" src=\"https:\/\/telensky.com\/wp-content\/uploads\/2019\/02\/DSC_0786-1.jpg\" title=\"DSC_0786-1\" alt=\"\" \/>\r\n\t\t\t                <\/a>\r\n\t\t\t                \r\n\t\t\t            <\/li>\r\n\t\t\t        \t\t\t        \t\r\n\t\t\t            <li>\r\n\t\t\t                <a rel=\"lightbox[roadtrip]\" href=\"https:\/\/telensky.com\/wp-content\/uploads\/2019\/02\/e-learning-2018-1.jpg\" title=\"\" data-rel=\"lightbox-image-2\" data-rl_title=\"\" data-rl_caption=\"\">\r\n\t\t\t                     <img decoding=\"async\" src=\"https:\/\/telensky.com\/wp-content\/uploads\/2019\/02\/e-learning-2018-1-500x283.jpg\" title=\"e-learning-2018-1\" alt=\"\" \/>\r\n\t\t\t                <\/a>\r\n\t\t\t                \r\n\t\t\t            <\/li>\r\n\t\t\t        \t\t\t        \t\r\n\t\t\t            <li>\r\n\t\t\t                <a rel=\"lightbox[roadtrip]\" href=\"https:\/\/telensky.com\/wp-content\/uploads\/2019\/02\/e-learning-2018-2.jpg\" title=\"\" data-rel=\"lightbox-image-3\" data-rl_title=\"\" data-rl_caption=\"\">\r\n\t\t\t                     <img decoding=\"async\" src=\"https:\/\/telensky.com\/wp-content\/uploads\/2019\/02\/e-learning-2018-2-500x283.jpg\" title=\"e-learning-2018-2\" alt=\"\" \/>\r\n\t\t\t                <\/a>\r\n\t\t\t                \r\n\t\t\t            <\/li>\r\n\t\t\t        \t\t\t        \t\r\n\t\t\t            <li>\r\n\t\t\t                <a rel=\"lightbox[roadtrip]\" href=\"https:\/\/telensky.com\/wp-content\/uploads\/2019\/02\/JT.jpg\" title=\"\" data-rel=\"lightbox-image-4\" data-rl_title=\"\" data-rl_caption=\"\">\r\n\t\t\t                     <img decoding=\"async\" src=\"https:\/\/telensky.com\/wp-content\/uploads\/2019\/02\/JT-500x283.jpg\" title=\"JT\" alt=\"\" \/>\r\n\t\t\t                <\/a>\r\n\t\t\t                \r\n\t\t\t            <\/li>\r\n\t\t\t        \t\t\t        \t\r\n\t\t\t            <li>\r\n\t\t\t                <a rel=\"lightbox[roadtrip]\" href=\"https:\/\/telensky.com\/wp-content\/uploads\/2019\/02\/NVQ-Brochure-1-11.jpg\" title=\"\" data-rel=\"lightbox-image-5\" data-rl_title=\"\" data-rl_caption=\"\">\r\n\t\t\t                     <img decoding=\"async\" src=\"https:\/\/telensky.com\/wp-content\/uploads\/2019\/02\/NVQ-Brochure-1-11-500x283.jpg\" title=\"NVQ-Brochure-(1)-11\" alt=\"\" \/>\r\n\t\t\t                <\/a>\r\n\t\t\t                \r\n\t\t\t            <\/li>\r\n\t\t\t        \t\t\t        \t\r\n\t\t\t            <li>\r\n\t\t\t                <a rel=\"lightbox[roadtrip]\" href=\"https:\/\/telensky.com\/wp-content\/uploads\/2019\/02\/VR.jpg\" title=\"\" data-rel=\"lightbox-image-6\" data-rl_title=\"\" data-rl_caption=\"\">\r\n\t\t\t                     <img decoding=\"async\" src=\"https:\/\/telensky.com\/wp-content\/uploads\/2019\/02\/VR-500x283.jpg\" title=\"VR\" alt=\"\" \/>\r\n\t\t\t                <\/a>\r\n\t\t\t                \r\n\t\t\t            <\/li>\r\n\t\t\t        \t\t\t        \t\r\n\t\t\t            <li>\r\n\t\t\t                <a rel=\"lightbox[roadtrip]\" href=\"https:\/\/telensky.com\/wp-content\/uploads\/2019\/02\/vra-1024x674.jpg\" title=\"\" data-rel=\"lightbox-image-7\" data-rl_title=\"\" data-rl_caption=\"\">\r\n\t\t\t                     <img decoding=\"async\" src=\"https:\/\/telensky.com\/wp-content\/uploads\/2019\/02\/vra-500x283.jpg\" title=\"vra\" alt=\"\" \/>\r\n\t\t\t                <\/a>\r\n\t\t\t                \r\n\t\t\t            <\/li>\r\n\t\t\t        \t\t\t        \t\r\n\t\t\t            <li>\r\n\t\t\t                <a rel=\"lightbox[roadtrip]\" href=\"https:\/\/telensky.com\/wp-content\/uploads\/2019\/02\/VVR-1024x537.jpg\" title=\"\" data-rel=\"lightbox-image-8\" data-rl_title=\"\" data-rl_caption=\"\">\r\n\t\t\t                     <img decoding=\"async\" src=\"https:\/\/telensky.com\/wp-content\/uploads\/2019\/02\/VVR-500x283.jpg\" title=\"VVR\" alt=\"\" \/>\r\n\t\t\t                <\/a>\r\n\t\t\t                \r\n\t\t\t            <\/li>\r\n\t\t\t        \t\t\t        \t\r\n\t\t\t            <li>\r\n\t\t\t                <a rel=\"lightbox[roadtrip]\" href=\"https:\/\/telensky.com\/wp-content\/uploads\/2019\/02\/FM8R5726-1-1024x683.jpg\" title=\"\" data-rel=\"lightbox-image-9\" data-rl_title=\"\" data-rl_caption=\"\">\r\n\t\t\t                     <img decoding=\"async\" src=\"https:\/\/telensky.com\/wp-content\/uploads\/2019\/02\/FM8R5726-1-500x283.jpg\" title=\"FM8R5726\" alt=\"\" \/>\r\n\t\t\t                <\/a>\r\n\t\t\t                \r\n\t\t\t            <\/li>\r\n\t\t\t        \t\t\t    <\/ul>\r\n\t\t\t\n","protected":false},"excerpt":{"rendered":"<p>Produkt virtu\u00e1ln\u00ed reality ji\u017e z\u00edskal \u0159adu ocen\u011bn\u00ed v\u010detn\u011b: Nejlep\u0161\u00ed e-learningov\u00fd projekt &#8211; soukrom\u00fd sektor;\u00a0Nejlep\u0161\u00ed simulace nebo virtu\u00e1ln\u00ed prost\u0159ed\u00ed;\u00a0Nejlep\u0161\u00ed vyu\u017eit\u00ed sm\u00ed\u0161en\u00e9ho u\u010den\u00ed;\u00a0e-learning &#8211; ocen\u011bn\u00ed vynikaj\u00edc\u00ed vzd\u011bl\u00e1vac\u00ed organizace;\u00a0Nejv\u00edce inovativn\u00ed nov\u00fd u\u010debn\u00ed produkt;\u00a0a nejlep\u0161\u00ed vzd\u011bl\u00e1vac\u00ed technologie. Jan Telensk\u00fd v\u011bnuje po\u010d\u00edta\u010de \u0161kol\u00e1m na Slovensku a vytv\u00e1\u0159\u00ed laborato\u0159e IT v z\u00e1kladn\u00edch \u0161kol\u00e1ch.\u00a0Sponzoruje tak\u00e9 talentovan\u00e9, ale znev\u00fdhodn\u011bn\u00e9 studenty na n\u011bkolika univerzit\u00e1ch.<\/p>\n","protected":false},"author":1,"featured_media":0,"parent":0,"menu_order":0,"comment_status":"closed","ping_status":"closed","template":"","meta":{"footnotes":""},"class_list":["post-504","page","type-page","status-publish","hentry"],"aioseo_notices":[],"_links":{"self":[{"href":"https:\/\/telensky.com\/cs\/wp-json\/wp\/v2\/pages\/504","targetHints":{"allow":["GET"]}}],"collection":[{"href":"https:\/\/telensky.com\/cs\/wp-json\/wp\/v2\/pages"}],"about":[{"href":"https:\/\/telensky.com\/cs\/wp-json\/wp\/v2\/types\/page"}],"author":[{"embeddable":true,"href":"https:\/\/telensky.com\/cs\/wp-json\/wp\/v2\/users\/1"}],"replies":[{"embeddable":true,"href":"https:\/\/telensky.com\/cs\/wp-json\/wp\/v2\/comments?post=504"}],"version-history":[{"count":4,"href":"https:\/\/telensky.com\/cs\/wp-json\/wp\/v2\/pages\/504\/revisions"}],"predecessor-version":[{"id":840,"href":"https:\/\/telensky.com\/cs\/wp-json\/wp\/v2\/pages\/504\/revisions\/840"}],"wp:attachment":[{"href":"https:\/\/telensky.com\/cs\/wp-json\/wp\/v2\/media?parent=504"}],"curies":[{"name":"wp","href":"https:\/\/api.w.org\/{rel}","templated":true}]}}