{"id":511,"date":"2018-12-04T09:53:31","date_gmt":"2018-12-04T08:53:31","guid":{"rendered":"https:\/\/telensky.com\/farmer\/"},"modified":"2019-03-04T08:40:29","modified_gmt":"2019-03-04T07:40:29","slug":"farmar","status":"publish","type":"page","link":"https:\/\/telensky.com\/cs\/farmar\/","title":{"rendered":"Farm\u00e1\u0159"},"content":{"rendered":"<div  class=\"lgc-column lgc-grid-parent lgc-grid-50 lgc-tablet-grid-50 lgc-mobile-grid-100 lgc-equal-heights \"><div  class=\"inside-grid-column\">\n<p><strong>Filozofi\u00ed je vyr\u00e1b\u011bt vysoce kvalitn\u00ed zdrav\u00e9 potraviny a sou\u010dasn\u011b zajistit trvale udr\u017eiteln\u00fd rozvoj a odpov\u00eddaj\u00edc\u00ed p\u00e9\u010di o tuto zemi.<\/strong><\/p>\n<p>Dlouhodob\u00fd c\u00edl farmy je postupn\u011b se transformovat tak, aby byla schopna produkovat sv\u00e9 vlastn\u00ed potraviny.<\/p>\n<p><\/p><\/div><\/div>\n<div  class=\"lgc-column lgc-grid-parent lgc-grid-50 lgc-tablet-grid-50 lgc-mobile-grid-100 lgc-equal-heights \"><div  class=\"inside-grid-column\">\n<p><strong>Velmi dob\u0159e si uv\u011bdomujeme, jak\u00fd dopad m\u00e1 na\u0161e \u0159\u00edzen\u00ed na \u017eivotn\u00ed prost\u0159ed\u00ed, <\/strong>a proto klademe st\u00e1le v\u011bt\u0161\u00ed d\u016fraz na pou\u017e\u00edv\u00e1n\u00ed \u00fa\u010dinn\u011bj\u0161\u00edch technologi\u00ed \u0161etrn\u00fdch k \u017eivotn\u00edmu prost\u0159ed\u00ed, jako\u017e i na sn\u00ed\u017een\u00ed spot\u0159eby energie a chemick\u00fdch l\u00e1tek.<\/p>\n<p><\/p><\/div><\/div><div class=\"lgc-clear\"><\/div>\n\t\t\t    <ul class=\"gallery\">\r\n\t\t\t        \t\t\t        \t\r\n\t\t\t            <li>\r\n\t\t\t                <a rel=\"lightbox[roadtrip]\" href=\"https:\/\/telensky.com\/wp-content\/uploads\/2018\/12\/DSC03573-1-1024x768.jpg\" title=\"\" data-rel=\"lightbox-image-0\" data-rl_title=\"\" data-rl_caption=\"\">\r\n\t\t\t                     <img decoding=\"async\" src=\"https:\/\/telensky.com\/wp-content\/uploads\/2018\/12\/DSC03573-1-500x283.jpg\" title=\"DSC03573\" alt=\"\" \/>\r\n\t\t\t                <\/a>\r\n\t\t\t                \r\n\t\t\t            <\/li>\r\n\t\t\t        \t\t\t        \t\r\n\t\t\t            <li>\r\n\t\t\t                <a rel=\"lightbox[roadtrip]\" href=\"https:\/\/telensky.com\/wp-content\/uploads\/2018\/12\/DSC04960-1024x768.jpg\" title=\"\" data-rel=\"lightbox-image-1\" data-rl_title=\"\" data-rl_caption=\"\">\r\n\t\t\t                     <img decoding=\"async\" src=\"https:\/\/telensky.com\/wp-content\/uploads\/2018\/12\/DSC04960-500x283.jpg\" title=\"DSC04960\" alt=\"\" \/>\r\n\t\t\t                <\/a>\r\n\t\t\t                \r\n\t\t\t            <\/li>\r\n\t\t\t        \t\t\t        \t\r\n\t\t\t            <li>\r\n\t\t\t                <a rel=\"lightbox[roadtrip]\" href=\"https:\/\/telensky.com\/wp-content\/uploads\/2018\/12\/DSF_1634-1024x678.jpg\" title=\"\" data-rel=\"lightbox-image-2\" data-rl_title=\"\" data-rl_caption=\"\">\r\n\t\t\t                     <img decoding=\"async\" src=\"https:\/\/telensky.com\/wp-content\/uploads\/2018\/12\/DSF_1634-500x283.jpg\" title=\"DSF_1634\" alt=\"\" \/>\r\n\t\t\t                <\/a>\r\n\t\t\t                \r\n\t\t\t            <\/li>\r\n\t\t\t        \t\t\t        \t\r\n\t\t\t            <li>\r\n\t\t\t                <a rel=\"lightbox[roadtrip]\" href=\"https:\/\/telensky.com\/wp-content\/uploads\/2018\/12\/IMG_2275-1024x765.jpg\" title=\"\" data-rel=\"lightbox-image-3\" data-rl_title=\"\" data-rl_caption=\"\">\r\n\t\t\t                     <img decoding=\"async\" src=\"https:\/\/telensky.com\/wp-content\/uploads\/2018\/12\/IMG_2275-500x283.jpg\" title=\"IMG_2275\" alt=\"\" \/>\r\n\t\t\t                <\/a>\r\n\t\t\t                \r\n\t\t\t            <\/li>\r\n\t\t\t        \t\t\t        \t\r\n\t\t\t            <li>\r\n\t\t\t                <a rel=\"lightbox[roadtrip]\" href=\"https:\/\/telensky.com\/wp-content\/uploads\/2018\/12\/IMG_2410-1024x765.jpg\" title=\"\" data-rel=\"lightbox-image-4\" data-rl_title=\"\" data-rl_caption=\"\">\r\n\t\t\t                     <img decoding=\"async\" src=\"https:\/\/telensky.com\/wp-content\/uploads\/2018\/12\/IMG_2410-500x283.jpg\" title=\"IMG_2410\" alt=\"\" \/>\r\n\t\t\t                <\/a>\r\n\t\t\t                \r\n\t\t\t            <\/li>\r\n\t\t\t        \t\t\t        \t\r\n\t\t\t            <li>\r\n\t\t\t                <a rel=\"lightbox[roadtrip]\" href=\"https:\/\/telensky.com\/wp-content\/uploads\/2018\/12\/IMG_2858-1024x765.jpg\" title=\"\" data-rel=\"lightbox-image-5\" data-rl_title=\"\" data-rl_caption=\"\">\r\n\t\t\t                     <img decoding=\"async\" src=\"https:\/\/telensky.com\/wp-content\/uploads\/2018\/12\/IMG_2858-500x283.jpg\" title=\"IMG_2858\" alt=\"\" \/>\r\n\t\t\t                <\/a>\r\n\t\t\t                \r\n\t\t\t            <\/li>\r\n\t\t\t        \t\t\t        \t\r\n\t\t\t            <li>\r\n\t\t\t                <a rel=\"lightbox[roadtrip]\" href=\"https:\/\/telensky.com\/wp-content\/uploads\/2018\/12\/IMG_4134-1024x768.jpg\" title=\"\" data-rel=\"lightbox-image-6\" data-rl_title=\"\" data-rl_caption=\"\">\r\n\t\t\t                     <img decoding=\"async\" src=\"https:\/\/telensky.com\/wp-content\/uploads\/2018\/12\/IMG_4134-500x283.jpg\" title=\"IMG_4134\" alt=\"\" \/>\r\n\t\t\t                <\/a>\r\n\t\t\t                \r\n\t\t\t            <\/li>\r\n\t\t\t        \t\t\t        \t\r\n\t\t\t            <li>\r\n\t\t\t                <a rel=\"lightbox[roadtrip]\" href=\"https:\/\/telensky.com\/wp-content\/uploads\/2018\/12\/IMG_4339-1024x765.jpg\" title=\"\" data-rel=\"lightbox-image-7\" data-rl_title=\"\" data-rl_caption=\"\">\r\n\t\t\t                     <img decoding=\"async\" src=\"https:\/\/telensky.com\/wp-content\/uploads\/2018\/12\/IMG_4339-500x283.jpg\" title=\"IMG_4339\" alt=\"\" \/>\r\n\t\t\t                <\/a>\r\n\t\t\t                \r\n\t\t\t            <\/li>\r\n\t\t\t        \t\t\t        \t\r\n\t\t\t            <li>\r\n\t\t\t                <a rel=\"lightbox[roadtrip]\" href=\"https:\/\/telensky.com\/wp-content\/uploads\/2018\/12\/IMG_9453-1024x768.jpg\" title=\"\" data-rel=\"lightbox-image-8\" data-rl_title=\"\" data-rl_caption=\"\">\r\n\t\t\t                     <img decoding=\"async\" src=\"https:\/\/telensky.com\/wp-content\/uploads\/2018\/12\/IMG_9453-500x283.jpg\" title=\"IMG_9453\" alt=\"\" \/>\r\n\t\t\t                <\/a>\r\n\t\t\t                \r\n\t\t\t            <\/li>\r\n\t\t\t        \t\t\t        \t\r\n\t\t\t            <li>\r\n\t\t\t                <a rel=\"lightbox[roadtrip]\" href=\"https:\/\/telensky.com\/wp-content\/uploads\/2018\/12\/P1020073-1024x768.jpg\" title=\"\" data-rel=\"lightbox-image-9\" data-rl_title=\"\" data-rl_caption=\"\">\r\n\t\t\t                     <img decoding=\"async\" src=\"https:\/\/telensky.com\/wp-content\/uploads\/2018\/12\/P1020073-500x283.jpg\" title=\"P1020073\" alt=\"\" \/>\r\n\t\t\t                <\/a>\r\n\t\t\t                \r\n\t\t\t            <\/li>\r\n\t\t\t        \t\t\t        \t\r\n\t\t\t            <li>\r\n\t\t\t                <a rel=\"lightbox[roadtrip]\" href=\"https:\/\/telensky.com\/wp-content\/uploads\/2018\/12\/P1020085-1024x768.jpg\" title=\"\" data-rel=\"lightbox-image-10\" data-rl_title=\"\" data-rl_caption=\"\">\r\n\t\t\t                     <img decoding=\"async\" src=\"https:\/\/telensky.com\/wp-content\/uploads\/2018\/12\/P1020085-500x283.jpg\" title=\"P1020085\" alt=\"\" \/>\r\n\t\t\t                <\/a>\r\n\t\t\t                \r\n\t\t\t            <\/li>\r\n\t\t\t        \t\t\t        \t\r\n\t\t\t            <li>\r\n\t\t\t                <a rel=\"lightbox[roadtrip]\" href=\"https:\/\/telensky.com\/wp-content\/uploads\/2018\/12\/PDP-031.jpg\" title=\"\" data-rel=\"lightbox-image-11\" data-rl_title=\"\" data-rl_caption=\"\">\r\n\t\t\t                     <img decoding=\"async\" src=\"https:\/\/telensky.com\/wp-content\/uploads\/2018\/12\/PDP-031-500x283.jpg\" title=\"PDP 031\" alt=\"\" \/>\r\n\t\t\t                <\/a>\r\n\t\t\t                \r\n\t\t\t            <\/li>\r\n\t\t\t        \t\t\t    <\/ul>\r\n\t\t\t\n","protected":false},"excerpt":{"rendered":"","protected":false},"author":1,"featured_media":0,"parent":0,"menu_order":0,"comment_status":"closed","ping_status":"closed","template":"template-farmer.php","meta":{"footnotes":""},"class_list":["post-511","page","type-page","status-publish","hentry"],"aioseo_notices":[],"_links":{"self":[{"href":"https:\/\/telensky.com\/cs\/wp-json\/wp\/v2\/pages\/511","targetHints":{"allow":["GET"]}}],"collection":[{"href":"https:\/\/telensky.com\/cs\/wp-json\/wp\/v2\/pages"}],"about":[{"href":"https:\/\/telensky.com\/cs\/wp-json\/wp\/v2\/types\/page"}],"author":[{"embeddable":true,"href":"https:\/\/telensky.com\/cs\/wp-json\/wp\/v2\/users\/1"}],"replies":[{"embeddable":true,"href":"https:\/\/telensky.com\/cs\/wp-json\/wp\/v2\/comments?post=511"}],"version-history":[{"count":2,"href":"https:\/\/telensky.com\/cs\/wp-json\/wp\/v2\/pages\/511\/revisions"}],"predecessor-version":[{"id":513,"href":"https:\/\/telensky.com\/cs\/wp-json\/wp\/v2\/pages\/511\/revisions\/513"}],"wp:attachment":[{"href":"https:\/\/telensky.com\/cs\/wp-json\/wp\/v2\/media?parent=511"}],"curies":[{"name":"wp","href":"https:\/\/api.w.org\/{rel}","templated":true}]}}