{"id":517,"date":"2018-12-04T09:53:45","date_gmt":"2018-12-04T08:53:45","guid":{"rendered":"https:\/\/telensky.com\/housing-rent-to-buy\/"},"modified":"2019-03-04T09:02:16","modified_gmt":"2019-03-04T08:02:16","slug":"bydleni-pronajem-ke-koupi","status":"publish","type":"page","link":"https:\/\/telensky.com\/cs\/bydleni-pronajem-ke-koupi\/","title":{"rendered":"Bydlen\u00ed \u2013 pron\u00e1jem ke koupi"},"content":{"rendered":"<div  class=\"lgc-column lgc-grid-parent lgc-grid-50 lgc-tablet-grid-50 lgc-mobile-grid-100 lgc-equal-heights \"><div  class=\"inside-grid-column\">\n<h2>Jak to funguje?<\/h2>\n<ol>\n<li>Cena nemovitosti je stanovena na tr\u017en\u00ed sazb\u011b ze sm\u011bnn\u00e9ho kurzu na 3 roky.<\/li>\n<li>Kupuj\u00edc\u00ed si m\u016f\u017ee zvolit platbu libovoln\u011b mezi 15-25% kupn\u00ed ceny (podle sv\u00fdch mo\u017enost\u00ed), kter\u00e1 se stejn\u011b rozd\u011bl\u00ed po dobu 36 m\u011bs\u00edc\u016f (3 roky). Potom je 100% vr\u00e1ceno nazp\u011bt jako \u201ejako z\u00e1loha darovan\u00e1 prodejcem\u201c (syst\u00e9m uznan\u00fd v\u0161emi hlavn\u00edmi v\u011b\u0159iteli)<\/li>\n<li><strong>To znamen\u00e1, \u017ee zaplacen\u00e9 m\u011bs\u00ed\u010dn\u00ed n\u00e1jemn\u00e9 efektivn\u011b vytv\u00e1\u0159\u00ed z\u00e1lohu na nemovitost. <\/strong><\/li>\n<li>Hodnota nemovitosti po t\u0159\u00edlet\u00e9 smlouv\u011b n\u00e1le\u017e\u00ed kupuj\u00edc\u00edmu, tak\u017ee je mnohem v\u011bt\u0161\u00ed \u0161ance na z\u00edsk\u00e1n\u00ed hypot\u00e9ky na z\u00e1klad\u011b zlep\u0161en\u00e9 hodnoty (LTV \u2013 \u00fav\u011br na hodnotu). \u017d\u00e1dn\u00e9 spole\u010dn\u00e9 vlastnictv\u00ed \u2013 po dokon\u010den\u00ed obchodu kupuj\u00edc\u00ed vlastn\u00ed 100% nemovitosti<\/li>\n<\/ol>\n<p><\/p><\/div><\/div>\n<div  class=\"lgc-column lgc-grid-parent lgc-grid-50 lgc-tablet-grid-50 lgc-mobile-grid-100 lgc-equal-heights \"><div  class=\"inside-grid-column\">\n<h2>M\u00e1me syst\u00e9m<\/h2>\n<p>Zam\u011b\u0159ujeme se nejen na poskytov\u00e1n\u00ed cenov\u011b dostupn\u00e9ho bydlen\u00ed, ale tak\u00e9 na vyu\u017eit\u00ed nemovitost\u00ed, kter\u00e9 renovujeme a stav\u00edme tak, aby u\u010d\u0148ov\u00e9 mohli z\u00edskat plnou kvalifikaci, aby mohli pracovat ve stavebnictv\u00ed. Spolupracujeme se spole\u010dnost\u00ed Engineering Real Results, kter\u00e1 vychov\u00e1v\u00e1 profesion\u00e1ln\u00ed \u0159emesln\u00edky. Na ka\u017ed\u00e9m staveni\u0161ti umo\u017e\u0148ujeme u\u010d\u0148\u016fm spole\u010dn\u011b pracovat s kvalifikovan\u00fdmi \u0159emesln\u00edky, aby prov\u00e1d\u011bli \u00fakoly, kter\u00e9 jsou pot\u0159ebn\u00e9 k\u00a0z\u00edsk\u00e1n\u00ed profesn\u00ed kvalifikace NVQ (National Vocational Qualification \u2013 N\u00e1rodn\u00ed odborn\u00e1 kvalifikace).<\/p>\n<p><\/p><\/div><\/div><div class=\"lgc-clear\"><\/div>\n<div  class=\"lgc-column lgc-grid-parent lgc-grid-50 lgc-tablet-grid-50 lgc-mobile-grid-100 lgc-equal-heights \"><div  class=\"inside-grid-column\">\n<p><iframe loading=\"lazy\" src=\"https:\/\/www.youtube.com\/embed\/e4Al8C-F7j0\" width=\"560\" height=\"315\" frameborder=\"0\" allowfullscreen=\"allowfullscreen\"><\/iframe><\/p>\n<p><\/p><\/div><\/div>\n<div  class=\"lgc-column lgc-grid-parent lgc-grid-50 lgc-tablet-grid-50 lgc-mobile-grid-100 lgc-equal-heights \"><div  class=\"inside-grid-column\">\n<p style=\"line-height: 25.1pt; background: white; margin: 16.75pt 0cm 18.0pt 0cm;\"><strong>Na ka\u017ed\u00e9m z na\u0161ich staveni\u0161\u0165 tedy stav\u00edme nejen cenov\u011b dostupn\u00e9 domy, ale tak\u00e9 vytv\u00e1\u0159\u00edme do budoucna pln\u011b kvalifikovan\u00e9 pracovn\u00ed s\u00edly. Dosavadn\u00ed program vytvo\u0159il v\u00edce ne\u017e 4\u00a0200 kvalifikovan\u00fdch lid\u00ed, kte\u0159\u00ed pracuj\u00ed ve stavebn\u00edm pr\u016fmyslu. Ka\u017ed\u00e1 osoba, kter\u00e1 z\u00edsk\u00e1 kvalifikaci prost\u0159ednictv\u00edm pr\u00e1ce na na\u0161ich staveni\u0161t\u00edch, z\u00edskala pr\u00e1ci v\u00a0pr\u016fmyslu; vytv\u00e1\u0159\u00edme dovednosti, sni\u017eujeme nezam\u011bstnanost a poskytujeme jedine\u010dnou iniciativu Rent To Buy, kter\u00e1 lidem umo\u017e\u0148uje splnit si sv\u016fj sen o vlastn\u00edm bydlen\u00ed. <\/strong><\/p>\n<p><a href=\"https:\/\/jtconsultancyltd.co.uk\/rent-to-buy\/\" target=\"_blank\" rel=\"noopener noreferrer\">V\u00edce informac\u00ed &gt;&gt;<\/a><\/p>\n<p><\/p><\/div><\/div><div class=\"lgc-clear\"><\/div>\n<h2>Zde jsou n\u011bkter\u00e9 z\u00a0na\u0161ich \u00fa\u017easn\u00fdch nemovitost\u00ed, kter\u00e9 jsme ji\u017e dokon\u010dili<\/h2>\n<div  class=\"lgc-column lgc-grid-parent lgc-grid-50 lgc-tablet-grid-50 lgc-mobile-grid-100 lgc-equal-heights \"><div  class=\"inside-grid-column\"><br \/>\n<img loading=\"lazy\" decoding=\"async\" class=\"alignnone size-full wp-image-110\" src=\"http:\/\/jtconsultancyltd.co.uk\/wp-content\/uploads\/2018\/10\/renttobuy_1.jpg\" alt=\"\" width=\"700\" height=\"676\" \/><br \/>\n<\/div><\/div>\n<div  class=\"lgc-column lgc-grid-parent lgc-grid-50 lgc-tablet-grid-50 lgc-mobile-grid-100 lgc-equal-heights \"><div  class=\"inside-grid-column\"><br \/>\n<img loading=\"lazy\" decoding=\"async\" class=\"alignnone size-full wp-image-117\" src=\"http:\/\/jtconsultancyltd.co.uk\/wp-content\/uploads\/2018\/10\/renttobuy_2.jpg\" alt=\"\" width=\"700\" height=\"671\" \/><br \/>\n<\/div><\/div><div class=\"lgc-clear\"><\/div>\n<div  class=\"lgc-column lgc-grid-parent lgc-grid-50 lgc-tablet-grid-50 lgc-mobile-grid-100 lgc-equal-heights \"><div  class=\"inside-grid-column\"><br \/>\n<img loading=\"lazy\" decoding=\"async\" class=\"alignnone size-full wp-image-119\" src=\"http:\/\/jtconsultancyltd.co.uk\/wp-content\/uploads\/2018\/10\/renttobuy_4.jpg\" alt=\"\" width=\"700\" height=\"664\" \/><br \/>\n<\/div><\/div>\n<div  class=\"lgc-column lgc-grid-parent lgc-grid-50 lgc-tablet-grid-50 lgc-mobile-grid-100 lgc-equal-heights \"><div  class=\"inside-grid-column\"><br \/>\n<img loading=\"lazy\" decoding=\"async\" class=\"alignnone size-full wp-image-143\" src=\"http:\/\/jtconsultancyltd.co.uk\/wp-content\/uploads\/2018\/11\/renttobuy_6-1.jpg\" alt=\"\" width=\"700\" height=\"329\" \/><br \/>\n<\/div><\/div><div class=\"lgc-clear\"><\/div>\n<div  class=\"lgc-column lgc-grid-parent lgc-grid-50 lgc-tablet-grid-50 lgc-mobile-grid-100 lgc-equal-heights \"><div  class=\"inside-grid-column\"><br \/>\n<img loading=\"lazy\" decoding=\"async\" class=\"alignnone size-full wp-image-140\" src=\"http:\/\/jtconsultancyltd.co.uk\/wp-content\/uploads\/2018\/11\/renttobuy_5-1.jpg\" alt=\"\" width=\"700\" height=\"329\" \/><br \/>\n<\/div><\/div>\n<div  class=\"lgc-column lgc-grid-parent lgc-grid-50 lgc-tablet-grid-50 lgc-mobile-grid-100 lgc-equal-heights \"><div  class=\"inside-grid-column\"><br \/>\n<img loading=\"lazy\" decoding=\"async\" class=\"alignnone size-full wp-image-141\" src=\"http:\/\/jtconsultancyltd.co.uk\/wp-content\/uploads\/2018\/11\/renttobuy_8-1.jpg\" alt=\"\" width=\"700\" height=\"329\" \/><br \/>\n<\/div><\/div><div class=\"lgc-clear\"><\/div>\n","protected":false},"excerpt":{"rendered":"<p>Zde jsou n\u011bkter\u00e9 z\u00a0na\u0161ich \u00fa\u017easn\u00fdch nemovitost\u00ed, kter\u00e9 jsme ji\u017e dokon\u010dili<\/p>\n","protected":false},"author":1,"featured_media":0,"parent":0,"menu_order":0,"comment_status":"closed","ping_status":"closed","template":"","meta":{"footnotes":""},"class_list":["post-517","page","type-page","status-publish","hentry"],"aioseo_notices":[],"_links":{"self":[{"href":"https:\/\/telensky.com\/cs\/wp-json\/wp\/v2\/pages\/517","targetHints":{"allow":["GET"]}}],"collection":[{"href":"https:\/\/telensky.com\/cs\/wp-json\/wp\/v2\/pages"}],"about":[{"href":"https:\/\/telensky.com\/cs\/wp-json\/wp\/v2\/types\/page"}],"author":[{"embeddable":true,"href":"https:\/\/telensky.com\/cs\/wp-json\/wp\/v2\/users\/1"}],"replies":[{"embeddable":true,"href":"https:\/\/telensky.com\/cs\/wp-json\/wp\/v2\/comments?post=517"}],"version-history":[{"count":2,"href":"https:\/\/telensky.com\/cs\/wp-json\/wp\/v2\/pages\/517\/revisions"}],"predecessor-version":[{"id":519,"href":"https:\/\/telensky.com\/cs\/wp-json\/wp\/v2\/pages\/517\/revisions\/519"}],"wp:attachment":[{"href":"https:\/\/telensky.com\/cs\/wp-json\/wp\/v2\/media?parent=517"}],"curies":[{"name":"wp","href":"https:\/\/api.w.org\/{rel}","templated":true}]}}