{"id":520,"date":"2018-12-04T09:54:08","date_gmt":"2018-12-04T08:54:08","guid":{"rendered":"https:\/\/telensky.com\/philanthrop\/"},"modified":"2019-05-28T11:44:25","modified_gmt":"2019-05-28T09:44:25","slug":"filantropie","status":"publish","type":"page","link":"https:\/\/telensky.com\/cs\/filantropie\/","title":{"rendered":"Filantropie"},"content":{"rendered":"<div  class=\"lgc-column lgc-grid-parent lgc-grid-50 lgc-tablet-grid-50 lgc-mobile-grid-100 lgc-equal-heights \"><div  class=\"inside-grid-column\">\n<h2>Jan Telensky \u2013 Michael James Browne<\/h2>\n<p>Mike za\u010dal svou vojenskou kari\u00e9ru v Royal Marines v roce 1997;\u00a0v roce 2003 p\u0159e\u0161el do 29 kr\u00e1lovsk\u00e9ho d\u011blost\u0159eleck\u00e9ho komanda, odkud byl p\u0159evelen do jednotky Tri Service v Poolu.<\/p>\n<p>V \u0159\u00edjnu 2011 byl zran\u011bn. Po dvou letech v t\u011b\u017ek\u00e9 bolesti, kdy se dokto\u0159i sna\u017eili zachr\u00e1nit infikovanou nohu, po\u017e\u00e1dal o amputaci.<\/p>\n<p><img loading=\"lazy\" decoding=\"async\" class=\"alignnone size-medium wp-image-263\" src=\"http:\/\/telensky.com\/wp-content\/uploads\/2019\/02\/MichaelJames-300x300.jpg\" alt=\"\" width=\"300\" height=\"300\" srcset=\"https:\/\/telensky.com\/wp-content\/uploads\/2019\/02\/MichaelJames-300x300.jpg 300w, https:\/\/telensky.com\/wp-content\/uploads\/2019\/02\/MichaelJames-150x150.jpg 150w, https:\/\/telensky.com\/wp-content\/uploads\/2019\/02\/MichaelJames-768x767.jpg 768w, https:\/\/telensky.com\/wp-content\/uploads\/2019\/02\/MichaelJames-120x120.jpg 120w, https:\/\/telensky.com\/wp-content\/uploads\/2019\/02\/MichaelJames.jpg 960w\" sizes=\"auto, (max-width: 300px) 100vw, 300px\" \/><\/p>\n<p><\/p><\/div><\/div>\n<div  class=\"lgc-column lgc-grid-parent lgc-grid-50 lgc-tablet-grid-50 lgc-mobile-grid-100 lgc-equal-heights \"><div  class=\"inside-grid-column\">\n<h2>Jan Telensky &#8211; Nemocnice v Popradu<\/h2>\n<p>Jan Telensk\u00fd daroval pediatrick\u00e9mu odd\u011blen\u00ed p\u0159\u00edstroj EKG.<br \/>\n<img loading=\"lazy\" decoding=\"async\" class=\"alignnone size-medium wp-image-260\" src=\"http:\/\/telensky.com\/wp-content\/uploads\/2019\/02\/ekg_detjis-2-300x200.jpg\" alt=\"\" width=\"300\" height=\"200\" srcset=\"https:\/\/telensky.com\/wp-content\/uploads\/2019\/02\/ekg_detjis-2-300x200.jpg 300w, https:\/\/telensky.com\/wp-content\/uploads\/2019\/02\/ekg_detjis-2-768x512.jpg 768w, https:\/\/telensky.com\/wp-content\/uploads\/2019\/02\/ekg_detjis-2-1024x682.jpg 1024w, https:\/\/telensky.com\/wp-content\/uploads\/2019\/02\/ekg_detjis-2-180x120.jpg 180w, https:\/\/telensky.com\/wp-content\/uploads\/2019\/02\/ekg_detjis-2.jpg 1280w\" sizes=\"auto, (max-width: 300px) 100vw, 300px\" \/><\/p>\n<h2>Digit\u00e1ln\u00ed and\u011bl\u00e9<\/h2>\n<p>Jan Telensk\u00fd pravideln\u011b v\u011bnuje \u0159adu kancel\u00e1\u0159sk\u00fdch notebook\u016f \u0161kol\u00e1m a znev\u00fdhodn\u011bn\u00fdm rodin\u00e1m.<\/p>\n<p><\/p><\/div><\/div><div class=\"lgc-clear\"><\/div>\n<h2>T\u00fdm britsk\u00e9 arm\u00e1dy hraje s t\u00fdmem slovensk\u00e9 arm\u00e1dy<\/h2>\n<p>V r\u00e1mci vys\u00edl\u00e1n\u00ed r\u00e1dia britsk\u00fdch ozbrojen\u00fdch sil hovo\u0159\u00ed Dr. Jan Telensky o t\u00fdmu britsk\u00e9 arm\u00e1dy, kter\u00fd se utkal s t\u00fdmem slovensk\u00e9 arm\u00e1dy na N\u00e1rodn\u00edm fotbalov\u00e9m stadionu v Popradu.<br \/>\n<iframe loading=\"lazy\" src=\"https:\/\/www.youtube.com\/embed\/Xk1qczW25oc\" width=\"560\" height=\"315\" frameborder=\"0\" allowfullscreen=\"allowfullscreen\"><\/iframe><\/p>\n<h2>Dovolen\u00e1 pro hrdiny<\/h2>\n<p>Jan Telensk\u00fd je hrd\u00fdm zast\u00e1ncem spole\u010dnosti Holidays4Heroes a ned\u00e1vno ozn\u00e1mil, \u017ee posledn\u00edm p\u0159\u00edjemcem je Liam Brentley ve v\u011bku \u00a025 let. B\u011bhem slu\u017eby v \u00a0Royal Marines v\u00a0Afgh\u00e1nist\u00e1nu, provincie Helmand, byl st\u0159elen do hlavy. Jako z\u00e1zrakem p\u0159e\u017eil a v sou\u010dasn\u00e9 dob\u011b se zotavuje ze sv\u00fdch zran\u011bn\u00ed.<br \/>\nKoordin\u00e1tor Holiday4Heroes major Terry Butterworth a zakladatel a gener\u00e1ln\u00ed \u0159editel AquaCity Jan Telensk\u00fd ud\u011blali laskav\u00e9 gesto a poskytli b\u00fdval\u00e9mu ragbistovi klubu Sheffield Eagles bezplatnou t\u00fddenn\u00ed dovolenou pro Liama a celou jeho rodinu v\u00a0AquaCity \u2013 resortu, kter\u00fd byl ji\u017e druh\u00fd rok po sob\u011b jmenov\u00e1n zelen\u00fdm resortem \u010d\u00edslo jedna.<\/p>\n<h2>Jan Telensky &#8211; D\u011bti pat\u0159\u00ed rodi\u010d\u016fm<\/h2>\n<p>V letech 2012 a 2013 pomohl Jan Telensk\u00fd slovensk\u00e9 rodin\u011b, aby dostala zp\u011bt sv\u00e9 2 syny z britsk\u00fdch soci\u00e1ln\u00edch slu\u017eeb.<br \/>\nChlapci byli p\u016fvodn\u011b odebr\u00e1ni od sv\u00fdch rodi\u010d\u016f britsk\u00fdmi soci\u00e1ln\u00edmi slu\u017ebami na z\u00e1klad\u011b obvin\u011bn\u00ed, \u017ee s\u00a0nimi bylo \u0161patn\u011b zach\u00e1zeno.\u00a0 Po n\u011bkolika n\u00e1sledn\u00fdch \u0159\u00edzen\u00edch bylo v\u0161ak dne 16. listopadu toho roku p\u0159ijato rozhodnut\u00ed a odvolac\u00ed soud povolil chlapc\u016fm, aby se vr\u00e1tili na Slovensko ke sv\u00e9 rodin\u011b.\u00a0Soud potvrdil rozhodnut\u00ed v polovin\u011b prosince, nebo\u0165 nebylo pod\u00e1no odvol\u00e1n\u00ed.<\/p>\n<p><iframe loading=\"lazy\" src=\"https:\/\/tivi.cas.sk\/embed\/1505529\" width=\"640\" height=\"360\" frameborder=\"0\" allowfullscreen=\"allowfullscreen\"><\/iframe><\/p>\n","protected":false},"excerpt":{"rendered":"<p>T\u00fdm britsk\u00e9 arm\u00e1dy hraje s t\u00fdmem slovensk\u00e9 arm\u00e1dy V r\u00e1mci vys\u00edl\u00e1n\u00ed r\u00e1dia britsk\u00fdch ozbrojen\u00fdch sil hovo\u0159\u00ed Dr. Jan Telensky o t\u00fdmu britsk\u00e9 arm\u00e1dy, kter\u00fd se utkal s t\u00fdmem slovensk\u00e9 arm\u00e1dy na N\u00e1rodn\u00edm fotbalov\u00e9m stadionu v Popradu. Dovolen\u00e1 pro hrdiny Jan Telensk\u00fd je hrd\u00fdm zast\u00e1ncem spole\u010dnosti Holidays4Heroes a ned\u00e1vno ozn\u00e1mil, \u017ee posledn\u00edm p\u0159\u00edjemcem je Liam Brentley&#8230;<\/p>\n","protected":false},"author":1,"featured_media":0,"parent":0,"menu_order":0,"comment_status":"closed","ping_status":"closed","template":"","meta":{"footnotes":""},"class_list":["post-520","page","type-page","status-publish","hentry"],"aioseo_notices":[],"_links":{"self":[{"href":"https:\/\/telensky.com\/cs\/wp-json\/wp\/v2\/pages\/520","targetHints":{"allow":["GET"]}}],"collection":[{"href":"https:\/\/telensky.com\/cs\/wp-json\/wp\/v2\/pages"}],"about":[{"href":"https:\/\/telensky.com\/cs\/wp-json\/wp\/v2\/types\/page"}],"author":[{"embeddable":true,"href":"https:\/\/telensky.com\/cs\/wp-json\/wp\/v2\/users\/1"}],"replies":[{"embeddable":true,"href":"https:\/\/telensky.com\/cs\/wp-json\/wp\/v2\/comments?post=520"}],"version-history":[{"count":4,"href":"https:\/\/telensky.com\/cs\/wp-json\/wp\/v2\/pages\/520\/revisions"}],"predecessor-version":[{"id":781,"href":"https:\/\/telensky.com\/cs\/wp-json\/wp\/v2\/pages\/520\/revisions\/781"}],"wp:attachment":[{"href":"https:\/\/telensky.com\/cs\/wp-json\/wp\/v2\/media?parent=520"}],"curies":[{"name":"wp","href":"https:\/\/api.w.org\/{rel}","templated":true}]}}