{"id":523,"date":"2018-12-04T09:53:57","date_gmt":"2018-12-04T08:53:57","guid":{"rendered":"https:\/\/telensky.com\/sport\/"},"modified":"2019-04-05T13:11:53","modified_gmt":"2019-04-05T11:11:53","slug":"sport","status":"publish","type":"page","link":"https:\/\/telensky.com\/cs\/sport\/","title":{"rendered":"Sport"},"content":{"rendered":"<div  class=\"lgc-column lgc-grid-parent lgc-grid-55 lgc-tablet-grid-55 lgc-mobile-grid-100 lgc-equal-heights \"><div  class=\"inside-grid-column\">\n<h3>Fotbalov\u00e9 tr\u00e9ninkov\u00e9 centrum<\/h3>\n<p>Jako teenager hr\u00e1l Jan ledn\u00ed hokej, fotbal a stoln\u00ed tenis. Jan je velmi aktivn\u00ed v\u00a0napom\u00e1h\u00e1n\u00ed r\u016fstu sportu, p\u0159edev\u0161\u00edm na Slovensku.\u00a0 V\u00a0Popradu pom\u00e1hal vybudovat n\u00e1rodn\u00ed tr\u00e9ninkov\u00e9 centrum pro fotbal jako centrum dokonalosti. Toto n\u00e1dhern\u00e9 za\u0159\u00edzen\u00ed vyu\u017e\u00edv\u00e1 t\u00fdm ml\u00e1de\u017ee klubu Manchester United. Pom\u00e1h\u00e1 tak\u00e9 p\u0159i budov\u00e1n\u00ed popradsk\u00e9ho profesion\u00e1ln\u00edho hokejov\u00e9ho t\u00fdmu.<\/p>\n<p><a href=\"https:\/\/telensky.com\/cs\/sport\/fotbalove-treninkove-centrum\/\">V\u00edce informac\u00ed &gt;&gt;<\/a><\/p>\n<p><\/p><\/div><\/div>\n<div  class=\"lgc-column lgc-grid-parent lgc-grid-45 lgc-tablet-grid-45 lgc-mobile-grid-100 lgc-equal-heights \"><div  class=\"inside-grid-column\">\n<p><img loading=\"lazy\" decoding=\"async\" class=\"aligncenter size-full wp-image-205\" src=\"http:\/\/telensky.com\/wp-content\/uploads\/2019\/02\/football.jpg\" alt=\"\" width=\"540\" height=\"265\" srcset=\"https:\/\/telensky.com\/wp-content\/uploads\/2019\/02\/football.jpg 540w, https:\/\/telensky.com\/wp-content\/uploads\/2019\/02\/football-300x147.jpg 300w, https:\/\/telensky.com\/wp-content\/uploads\/2019\/02\/football-180x88.jpg 180w\" sizes=\"auto, (max-width: 540px) 100vw, 540px\" \/><\/p>\n<p><\/p><\/div><\/div><div class=\"lgc-clear\"><\/div>\n<div  class=\"lgc-column lgc-grid-parent lgc-grid-55 lgc-tablet-grid-55 lgc-mobile-grid-100 lgc-equal-heights \"><div  class=\"inside-grid-column\">\n<h3>Ledn\u00ed hokej<\/h3>\n<p>Klub HK Poprad byl zalo\u017een v\u00a0roce 1930 a poprv\u00e9 z\u00edskal sv\u016fj prvn\u00ed titul v\u00a0roce 1933. Do roku 2015 byl v\u0161ak HK Poprad ve velmi \u0161patn\u00e9 finan\u010dn\u00ed situaci. Od \u00fapln\u00e9ho z\u00e1niku jej zachr\u00e1nil Jan Telensk\u00fd. Po zm\u011bn\u00e1ch, kter\u00e9 provedl, hraje nyn\u00ed klub 1. Ligu a \u00fato\u010d\u00ed na nejvy\u0161\u0161\u00ed pozice. Mnoho hr\u00e1\u010d\u016f HK Poprad nyn\u00ed hraje za slovensk\u00fd n\u00e1rodn\u00ed t\u00fdm.<\/p>\n<p><a href=\"https:\/\/telensky.com\/cs\/sport\/ledni-hokej\/\">V\u00edce informac\u00ed &gt;&gt;<\/a><\/p>\n<p><\/p><\/div><\/div>\n<div  class=\"lgc-column lgc-grid-parent lgc-grid-45 lgc-tablet-grid-45 lgc-mobile-grid-100 lgc-equal-heights \"><div  class=\"inside-grid-column\">\n<p><img loading=\"lazy\" decoding=\"async\" class=\"aligncenter size-full wp-image-207\" src=\"http:\/\/telensky.com\/wp-content\/uploads\/2019\/02\/hockez.jpg\" alt=\"\" width=\"540\" height=\"265\" srcset=\"https:\/\/telensky.com\/wp-content\/uploads\/2019\/02\/hockez.jpg 540w, https:\/\/telensky.com\/wp-content\/uploads\/2019\/02\/hockez-300x147.jpg 300w, https:\/\/telensky.com\/wp-content\/uploads\/2019\/02\/hockez-180x88.jpg 180w\" sizes=\"auto, (max-width: 540px) 100vw, 540px\" \/><\/p>\n<p>&nbsp;<\/p>\n<p><\/p><\/div><\/div><div class=\"lgc-clear\"><\/div>\n","protected":false},"excerpt":{"rendered":"","protected":false},"author":1,"featured_media":0,"parent":0,"menu_order":0,"comment_status":"closed","ping_status":"closed","template":"","meta":{"footnotes":""},"class_list":["post-523","page","type-page","status-publish","hentry"],"aioseo_notices":[],"_links":{"self":[{"href":"https:\/\/telensky.com\/cs\/wp-json\/wp\/v2\/pages\/523","targetHints":{"allow":["GET"]}}],"collection":[{"href":"https:\/\/telensky.com\/cs\/wp-json\/wp\/v2\/pages"}],"about":[{"href":"https:\/\/telensky.com\/cs\/wp-json\/wp\/v2\/types\/page"}],"author":[{"embeddable":true,"href":"https:\/\/telensky.com\/cs\/wp-json\/wp\/v2\/users\/1"}],"replies":[{"embeddable":true,"href":"https:\/\/telensky.com\/cs\/wp-json\/wp\/v2\/comments?post=523"}],"version-history":[{"count":3,"href":"https:\/\/telensky.com\/cs\/wp-json\/wp\/v2\/pages\/523\/revisions"}],"predecessor-version":[{"id":692,"href":"https:\/\/telensky.com\/cs\/wp-json\/wp\/v2\/pages\/523\/revisions\/692"}],"wp:attachment":[{"href":"https:\/\/telensky.com\/cs\/wp-json\/wp\/v2\/media?parent=523"}],"curies":[{"name":"wp","href":"https:\/\/api.w.org\/{rel}","templated":true}]}}