{"id":526,"date":"2019-02-06T10:15:01","date_gmt":"2019-02-06T09:15:01","guid":{"rendered":"https:\/\/telensky.com\/sport\/football-training-centre\/"},"modified":"2019-03-04T09:31:31","modified_gmt":"2019-03-04T08:31:31","slug":"fotbalove-treninkove-centrum","status":"publish","type":"page","link":"https:\/\/telensky.com\/cs\/sport\/fotbalove-treninkove-centrum\/","title":{"rendered":"Fotbalov\u00e9 tr\u00e9ninkov\u00e9 centrum"},"content":{"rendered":"<div  class=\"lgc-column lgc-grid-parent lgc-grid-60 lgc-tablet-grid-60 lgc-mobile-grid-100 lgc-equal-heights \"><div  class=\"inside-grid-column\">\n<h2>Hr\u00e1\u010di sv\u011btov\u00e9 t\u0159\u00eddy tr\u00e9novali v NTC Poprad<\/h2>\n<h3><strong>Marcus Rashford<\/strong><\/h3>\n<p>Marcus Rashford \u00a0je anglick\u00fd profesion\u00e1ln\u00ed fotbalov\u00fd \u00fato\u010dn\u00edk v\u00a0klubu Premier League Manchester United. Narodil v\u00a0roce se v\u00a031 \u0159\u00edjna 1997 ve Wythenshawe, Manchester.<\/p>\n<p>Marcus za\u010dal hr\u00e1t fotbal v\u00a0p\u011bti letech za \u00a0Fletcher Moss Rangers a v\u00a0sedmi letech p\u0159i\u0161el do akademie Manchesteru United. \u00a0Byl hv\u011bzdn\u00e1 opora mlad\u00e9ho t\u00fdmu a v\u00a0letech 2013 a 2014 tr\u00e9noval v\u00a0AquaCity Poprad na Slovensku.<\/p>\n<h3><strong>Adnan Januzaj<\/strong><\/h3>\n<p>Narodil se 5.\u00fanora 1995 v\u00a0Bruselu. Je belgick\u00fdm profesion\u00e1lnm\u00ed fotbalistou, \u00a0kter\u00fd v\u00a0sou\u010dasnosti hraje jako k\u0159\u00eddlo za \u0161pan\u011blsk\u00fd klub Real Sociedad a mezin\u00e1rodn\u00ed fotbal za Belgii. \u00a0Adnan za\u010dal svoji fotbalovou kari\u00e9ru s klubem FC Brussels, ale v\u00a0deseti letech v\u00a0roce 2005 p\u0159e\u0161el do Anderlechtu. V\u00a0b\u0159eznu 2011, v\u00a016-ti letech,\u00a0 odtamtud ode\u0161el do klubu Manchester United. Ve slovensk\u00e9m \u00a0Aquacity Poprad tr\u00e9noval v\u00a0letech 2011 a 2012 s\u00a0t\u00fdmem Manchester United Youth.<\/p>\n<h3><strong>Jesse Ellis Lingard<\/strong><\/h3>\n<p>Jesse Ellis Lingard se narodil 15 prosince 1992 ve Warringtonu. Je anglick\u00fd profesion\u00e1ln\u00ed fotbalista, kter\u00fd hraje jako \u00fato\u010dn\u00edk na st\u0159edu nebo jako k\u0159\u00eddlo klubu Premier League Manchester United \u00a0a \u00a0anglick\u00e9ho n\u00e1rodn\u00edho t\u00fdmu.<br \/>\nDo akademie\u00a0 Manchesteru United\u00a0 p\u0159i\u0161el v\u00a0sedmi letech. Zde postupn\u011b pro\u0161el v\u0161emi ml\u00e1de\u017enick\u00fdmi kategoriemi. Jesse byl \u010dlenem t\u00fdmu Manchester United Youth, kter\u00fd tr\u00e9noval v\u00a0popradsk\u00e9m AquaCity na Slovensku v roce 2010. Byl tak\u00e9 \u010dlenem t\u00fdmu Manchester United, kter\u00fd vyhr\u00e1l FA Cup ml\u00e1de\u017ee 2010\/2011 p\u0159ed podeps\u00e1n\u00edm profesion\u00e1ln\u00ed smlouvy v\u00a0l\u00e9t\u011b 2011.<\/p>\n<p><\/p><\/div><\/div>\n<div  class=\"lgc-column lgc-grid-parent lgc-grid-40 lgc-tablet-grid-40 lgc-mobile-grid-100 lgc-equal-heights \"><div  class=\"inside-grid-column\">\n<p><img loading=\"lazy\" decoding=\"async\" class=\"aligncenter size-full wp-image-205\" src=\"http:\/\/telensky.com\/wp-content\/uploads\/2019\/02\/football.jpg\" alt=\"\" width=\"540\" height=\"265\" srcset=\"https:\/\/telensky.com\/wp-content\/uploads\/2019\/02\/football.jpg 540w, https:\/\/telensky.com\/wp-content\/uploads\/2019\/02\/football-300x147.jpg 300w, https:\/\/telensky.com\/wp-content\/uploads\/2019\/02\/football-180x88.jpg 180w\" sizes=\"auto, (max-width: 540px) 100vw, 540px\" \/><\/p>\n<p><\/p><\/div><\/div><div class=\"lgc-clear\"><\/div>\n","protected":false},"excerpt":{"rendered":"","protected":false},"author":1,"featured_media":0,"parent":523,"menu_order":0,"comment_status":"closed","ping_status":"closed","template":"","meta":{"footnotes":""},"class_list":["post-526","page","type-page","status-publish","hentry"],"aioseo_notices":[],"_links":{"self":[{"href":"https:\/\/telensky.com\/cs\/wp-json\/wp\/v2\/pages\/526","targetHints":{"allow":["GET"]}}],"collection":[{"href":"https:\/\/telensky.com\/cs\/wp-json\/wp\/v2\/pages"}],"about":[{"href":"https:\/\/telensky.com\/cs\/wp-json\/wp\/v2\/types\/page"}],"author":[{"embeddable":true,"href":"https:\/\/telensky.com\/cs\/wp-json\/wp\/v2\/users\/1"}],"replies":[{"embeddable":true,"href":"https:\/\/telensky.com\/cs\/wp-json\/wp\/v2\/comments?post=526"}],"version-history":[{"count":2,"href":"https:\/\/telensky.com\/cs\/wp-json\/wp\/v2\/pages\/526\/revisions"}],"predecessor-version":[{"id":528,"href":"https:\/\/telensky.com\/cs\/wp-json\/wp\/v2\/pages\/526\/revisions\/528"}],"up":[{"embeddable":true,"href":"https:\/\/telensky.com\/cs\/wp-json\/wp\/v2\/pages\/523"}],"wp:attachment":[{"href":"https:\/\/telensky.com\/cs\/wp-json\/wp\/v2\/media?parent=526"}],"curies":[{"name":"wp","href":"https:\/\/api.w.org\/{rel}","templated":true}]}}