{"id":529,"date":"2019-02-06T10:15:38","date_gmt":"2019-02-06T09:15:38","guid":{"rendered":"https:\/\/telensky.com\/sport\/ice-hockey\/"},"modified":"2019-03-04T09:37:02","modified_gmt":"2019-03-04T08:37:02","slug":"ledni-hokej","status":"publish","type":"page","link":"https:\/\/telensky.com\/cs\/sport\/ledni-hokej\/","title":{"rendered":"Ledn\u00ed hokej"},"content":{"rendered":"<div  class=\"lgc-column lgc-grid-parent lgc-grid-60 lgc-tablet-grid-60 lgc-mobile-grid-100 lgc-equal-heights \"><div  class=\"inside-grid-column\">\n<p>Finan\u010dn\u00ed p\u0159\u00edsp\u011bvek poskytnut\u00fd Janem Telenskym a jeho organizac\u00ed na podporu hokejov\u00e9ho klubu Poprad v letech 2013-2015 \u010dinil 204 400 EUR ve prosp\u011bch HK Poprad a 300 000 EUR ve prosp\u011bch ml\u00e1de\u017ee a juniorsk\u00e9ho hokeje<strong>.<\/strong><\/p>\n<p>V obdob\u00ed od roku 2005 do roku 2018 pan Telensky a jeho spole\u010dnosti podpo\u0159ily Popradsk\u00fd hokejov\u00fd klub mnoha zp\u016fsoby, v\u010detn\u011b investic do nov\u00e9ho zimn\u00edho stadionu, a to celkem kolem 5 milion\u016f EUR.<\/p>\n<p>Sou\u010dasn\u00e1 sez\u00f3na (2018\/2019) byla zah\u00e1jena letn\u00edm tr\u00e9ninkem pod veden\u00edm Romana Stantiena jako nov\u00e9ho vedouc\u00edho tren\u00e9ra. T\u00fdm senior\u016f sehr\u00e1l n\u011bkolik p\u0159\u00edpravn\u00fdch utk\u00e1n\u00ed v\u010detn\u011b dvou v Cardiffu, kam n\u00e1s pozvali Cardiff Devils, mist\u0159i anglick\u00e9 ligy.<br \/>\nP\u0159\u00edprava vyvrcholila \u00fa\u010dast\u00ed v 71. Tatransk\u00e9m poh\u00e1ru, kter\u00fd se op\u011bt poda\u0159ilo organizovat s vysoce kvalitn\u00edmi t\u00fdmy z \u010desk\u00e9 extraligy, EBEL ligy, francouzsk\u00e9 ligy a ligy Tipsport. Turnaj byl organiza\u010dn\u00edm a sportovn\u00edm \u00fasp\u011bchem, proto\u017ee hokejov\u00e9mu klubu Poprad se jej poda\u0159ilo vyhr\u00e1t. Hokejov\u00fd klub Poprad se tak\u00e9 z\u00fa\u010dastnil Vi\u0161egradsk\u00e9ho poh\u00e1ru.<\/p>\n<p><\/p><\/div><\/div>\n<div  class=\"lgc-column lgc-grid-parent lgc-grid-40 lgc-tablet-grid-40 lgc-mobile-grid-100 lgc-equal-heights \"><div  class=\"inside-grid-column\">\n<p><img loading=\"lazy\" decoding=\"async\" class=\"aligncenter size-full wp-image-207\" src=\"http:\/\/telensky.com\/wp-content\/uploads\/2019\/02\/hockez.jpg\" alt=\"\" width=\"540\" height=\"265\" srcset=\"https:\/\/telensky.com\/wp-content\/uploads\/2019\/02\/hockez.jpg 540w, https:\/\/telensky.com\/wp-content\/uploads\/2019\/02\/hockez-300x147.jpg 300w, https:\/\/telensky.com\/wp-content\/uploads\/2019\/02\/hockez-180x88.jpg 180w\" sizes=\"auto, (max-width: 540px) 100vw, 540px\" \/><\/p>\n<p><iframe loading=\"lazy\" src=\"https:\/\/www.youtube.com\/embed\/STyaOah1c9k\" width=\"560\" height=\"315\" frameborder=\"0\" allowfullscreen=\"allowfullscreen\"><\/iframe><br \/>\n<\/p><\/div><\/div><div class=\"lgc-clear\"><\/div>\n","protected":false},"excerpt":{"rendered":"","protected":false},"author":1,"featured_media":0,"parent":523,"menu_order":0,"comment_status":"closed","ping_status":"closed","template":"","meta":{"footnotes":""},"class_list":["post-529","page","type-page","status-publish","hentry"],"aioseo_notices":[],"_links":{"self":[{"href":"https:\/\/telensky.com\/cs\/wp-json\/wp\/v2\/pages\/529","targetHints":{"allow":["GET"]}}],"collection":[{"href":"https:\/\/telensky.com\/cs\/wp-json\/wp\/v2\/pages"}],"about":[{"href":"https:\/\/telensky.com\/cs\/wp-json\/wp\/v2\/types\/page"}],"author":[{"embeddable":true,"href":"https:\/\/telensky.com\/cs\/wp-json\/wp\/v2\/users\/1"}],"replies":[{"embeddable":true,"href":"https:\/\/telensky.com\/cs\/wp-json\/wp\/v2\/comments?post=529"}],"version-history":[{"count":2,"href":"https:\/\/telensky.com\/cs\/wp-json\/wp\/v2\/pages\/529\/revisions"}],"predecessor-version":[{"id":532,"href":"https:\/\/telensky.com\/cs\/wp-json\/wp\/v2\/pages\/529\/revisions\/532"}],"up":[{"embeddable":true,"href":"https:\/\/telensky.com\/cs\/wp-json\/wp\/v2\/pages\/523"}],"wp:attachment":[{"href":"https:\/\/telensky.com\/cs\/wp-json\/wp\/v2\/media?parent=529"}],"curies":[{"name":"wp","href":"https:\/\/api.w.org\/{rel}","templated":true}]}}