{"id":563,"date":"2018-12-04T09:53:45","date_gmt":"2018-12-04T08:53:45","guid":{"rendered":"https:\/\/telensky.com\/bydleni-pronajem-ke-koupi\/"},"modified":"2019-04-05T12:21:33","modified_gmt":"2019-04-05T10:21:33","slug":"byvanie-prenajom-na-zakupenie","status":"publish","type":"page","link":"https:\/\/telensky.com\/sk\/byvanie-prenajom-na-zakupenie\/","title":{"rendered":"B\u00fdvanie &#8211; pren\u00e1jom na zak\u00fapenie"},"content":{"rendered":"<div  class=\"lgc-column lgc-grid-parent lgc-grid-50 lgc-tablet-grid-50 lgc-mobile-grid-100 lgc-equal-heights \"><div  class=\"inside-grid-column\">\n<h2>Ako to funguje?<\/h2>\n<ol>\n<li>Cena nehnute\u013enosti je stanoven\u00e1 na trhovej sadzbe z v\u00fdmenn\u00e9ho kurzu na 3 roky.<\/li>\n<li>Kupuj\u00faci si m\u00f4\u017ee zvoli\u0165 platbu \u013eubovo\u013ene medzi 15-25% k\u00fapnej ceny (pod\u013ea svojich mo\u017enost\u00ed), ktor\u00e1 sa rovnako rozdel\u00ed po\u010das 36 mesiacov (3 roky). Potom je 100% vr\u00e1ten\u00e1 nasp\u00e4\u0165\u00a0 &#8222;ako z\u00e1loha darovan\u00e1 predajcom&#8220; (sch\u00e9ma uznan\u00e1 v\u0161etk\u00fdmi hlavn\u00fdmi verite\u013emi)<\/li>\n<li>To znamen\u00e1, \u017ee zaplaten\u00e9 mesa\u010dn\u00e9 n\u00e1jomn\u00e9 efekt\u00edvne vytv\u00e1ra z\u00e1lohu na nehnute\u013enos\u0165.<\/li>\n<li>Hodnota nehnute\u013enosti po trojro\u010dnej zmluve n\u00e1le\u017e\u00ed kupuj\u00facemu, tak\u017ee je ove\u013ea v\u00e4\u010d\u0161ia \u0161anca na z\u00edskanie hypot\u00e9ky na z\u00e1klade zlep\u0161enej hodnoty (LTV &#8211; \u00faver na hodnotu). \u017diadne spolo\u010dn\u00e9 vlastn\u00edctvo &#8211; po dokon\u010den\u00ed obchodu kupuj\u00faci vlastn\u00ed 100% nehnute\u013enosti.<\/li>\n<\/ol>\n<p><\/p><\/div><\/div>\n<div  class=\"lgc-column lgc-grid-parent lgc-grid-50 lgc-tablet-grid-50 lgc-mobile-grid-100 lgc-equal-heights \"><div  class=\"inside-grid-column\">\n<h2>M\u00e1me syst\u00e9m<\/h2>\n<p>Zameriavame sa nielen na poskytovanie cenovo dostupn\u00e9ho b\u00fdvania, ale aj na vyu\u017eitie nehnute\u013enost\u00ed, ktor\u00e9 renovujeme a staviame tak, aby u\u010dni mohli z\u00edska\u0165 pln\u00fa kvalifik\u00e1ciu, aby mohli pracova\u0165 v stavebn\u00edctve. Spolupracujeme so spolo\u010dnos\u0165ou Engineering Real Results, ktor\u00e1 vychov\u00e1va profesion\u00e1lne remeseln\u00edkov. Na ka\u017edej stavbe umo\u017e\u0148ujeme u\u010d\u0148om spolo\u010dne pracova\u0165 s kvalifikovan\u00fdmi remeseln\u00edkmi, aby vykon\u00e1vali \u00falohy, ktor\u00e9 s\u00fa potrebn\u00e9 na z\u00edskanie odbornej kvalifik\u00e1cie NVQ (National Vocational Qualification &#8211; N\u00e1rodn\u00e1 odborn\u00e1 kvalifik\u00e1cia).<\/p>\n<p><\/p><\/div><\/div><div class=\"lgc-clear\"><\/div>\n<div  class=\"lgc-column lgc-grid-parent lgc-grid-50 lgc-tablet-grid-50 lgc-mobile-grid-100 lgc-equal-heights \"><div  class=\"inside-grid-column\">\n<p><iframe loading=\"lazy\" src=\"https:\/\/www.youtube.com\/embed\/e4Al8C-F7j0\" width=\"560\" height=\"315\" frameborder=\"0\" allowfullscreen=\"allowfullscreen\"><\/iframe><\/p>\n<p><\/p><\/div><\/div>\n<div  class=\"lgc-column lgc-grid-parent lgc-grid-50 lgc-tablet-grid-50 lgc-mobile-grid-100 lgc-equal-heights \"><div  class=\"inside-grid-column\">\n<p style=\"line-height: 25.1pt; background: white; margin: 16.75pt 0cm 18.0pt 0cm;\"><strong>Na ka\u017edej z\u00a0na\u0161ich stavieb staviame nielen cenovo dostupn\u00e9 domy, ale aj vytv\u00e1rame do bud\u00facnosti plne kvalifikovan\u00fa pracovn\u00fa silu. Doteraj\u0161\u00ed program vytvoril viac ako 4 200 kvalifikovan\u00fdch \u013eud\u00ed, ktor\u00ed pracuj\u00fa v stavebnom priemysle. Ka\u017ed\u00e1 osoba, ktor\u00e1 z\u00edska kvalifik\u00e1ciu prostredn\u00edctvom pr\u00e1ce na na\u0161ich stavb\u00e1ch, z\u00edskala pr\u00e1cu v priemysle; vytv\u00e1rame zru\u010dnosti, zni\u017eujeme nezamestnanos\u0165 a poskytujeme jedine\u010dn\u00fa iniciat\u00edvu Rent To Buy, ktor\u00e1 \u013eu\u010fom umo\u017e\u0148uje splni\u0165 si svoj sen o vlastnom b\u00fdvan\u00ed.<\/strong><\/p>\n<p><a href=\"https:\/\/jtconsultancyltd.co.uk\/rent-to-buy\/\" target=\"_blank\" rel=\"noopener noreferrer\">V\u00edce informac\u00ed &gt;&gt;<\/a><\/p>\n<p><\/p><\/div><\/div><div class=\"lgc-clear\"><\/div>\n<h2>Tu s\u00fa niektor\u00e9 z na\u0161ich \u00fa\u017easn\u00fdch nehnute\u013enost\u00ed, ktor\u00e9 sme u\u017e dokon\u010dili<\/h2>\n<div  class=\"lgc-column lgc-grid-parent lgc-grid-50 lgc-tablet-grid-50 lgc-mobile-grid-100 lgc-equal-heights \"><div  class=\"inside-grid-column\"><br \/>\n<img loading=\"lazy\" decoding=\"async\" class=\"alignnone size-full wp-image-110\" src=\"http:\/\/jtconsultancyltd.co.uk\/wp-content\/uploads\/2018\/10\/renttobuy_1.jpg\" alt=\"\" width=\"700\" height=\"676\" \/><br \/>\n<\/div><\/div>\n<div  class=\"lgc-column lgc-grid-parent lgc-grid-50 lgc-tablet-grid-50 lgc-mobile-grid-100 lgc-equal-heights \"><div  class=\"inside-grid-column\"><br \/>\n<img loading=\"lazy\" decoding=\"async\" class=\"alignnone size-full wp-image-117\" src=\"http:\/\/jtconsultancyltd.co.uk\/wp-content\/uploads\/2018\/10\/renttobuy_2.jpg\" alt=\"\" width=\"700\" height=\"671\" \/><br \/>\n<\/div><\/div><div class=\"lgc-clear\"><\/div>\n<div  class=\"lgc-column lgc-grid-parent lgc-grid-50 lgc-tablet-grid-50 lgc-mobile-grid-100 lgc-equal-heights \"><div  class=\"inside-grid-column\"><br \/>\n<img loading=\"lazy\" decoding=\"async\" class=\"alignnone size-full wp-image-119\" src=\"http:\/\/jtconsultancyltd.co.uk\/wp-content\/uploads\/2018\/10\/renttobuy_4.jpg\" alt=\"\" width=\"700\" height=\"664\" \/><br \/>\n<\/div><\/div>\n<div  class=\"lgc-column lgc-grid-parent lgc-grid-50 lgc-tablet-grid-50 lgc-mobile-grid-100 lgc-equal-heights \"><div  class=\"inside-grid-column\"><br \/>\n<img loading=\"lazy\" decoding=\"async\" class=\"alignnone size-full wp-image-143\" src=\"http:\/\/jtconsultancyltd.co.uk\/wp-content\/uploads\/2018\/11\/renttobuy_6-1.jpg\" alt=\"\" width=\"700\" height=\"329\" \/><br \/>\n<\/div><\/div><div class=\"lgc-clear\"><\/div>\n<div  class=\"lgc-column lgc-grid-parent lgc-grid-50 lgc-tablet-grid-50 lgc-mobile-grid-100 lgc-equal-heights \"><div  class=\"inside-grid-column\"><br \/>\n<img loading=\"lazy\" decoding=\"async\" class=\"alignnone size-full wp-image-140\" src=\"http:\/\/jtconsultancyltd.co.uk\/wp-content\/uploads\/2018\/11\/renttobuy_5-1.jpg\" alt=\"\" width=\"700\" height=\"329\" \/><br \/>\n<\/div><\/div>\n<div  class=\"lgc-column lgc-grid-parent lgc-grid-50 lgc-tablet-grid-50 lgc-mobile-grid-100 lgc-equal-heights \"><div  class=\"inside-grid-column\"><br \/>\n<img loading=\"lazy\" decoding=\"async\" class=\"alignnone size-full wp-image-141\" src=\"http:\/\/jtconsultancyltd.co.uk\/wp-content\/uploads\/2018\/11\/renttobuy_8-1.jpg\" alt=\"\" width=\"700\" height=\"329\" \/><br \/>\n<\/div><\/div><div class=\"lgc-clear\"><\/div>\n","protected":false},"excerpt":{"rendered":"<p>Tu s\u00fa niektor\u00e9 z na\u0161ich \u00fa\u017easn\u00fdch nehnute\u013enost\u00ed, ktor\u00e9 sme u\u017e dokon\u010dili<\/p>\n","protected":false},"author":1,"featured_media":0,"parent":0,"menu_order":0,"comment_status":"closed","ping_status":"closed","template":"","meta":{"footnotes":""},"class_list":["post-563","page","type-page","status-publish","hentry"],"aioseo_notices":[],"_links":{"self":[{"href":"https:\/\/telensky.com\/sk\/wp-json\/wp\/v2\/pages\/563","targetHints":{"allow":["GET"]}}],"collection":[{"href":"https:\/\/telensky.com\/sk\/wp-json\/wp\/v2\/pages"}],"about":[{"href":"https:\/\/telensky.com\/sk\/wp-json\/wp\/v2\/types\/page"}],"author":[{"embeddable":true,"href":"https:\/\/telensky.com\/sk\/wp-json\/wp\/v2\/users\/1"}],"replies":[{"embeddable":true,"href":"https:\/\/telensky.com\/sk\/wp-json\/wp\/v2\/comments?post=563"}],"version-history":[{"count":2,"href":"https:\/\/telensky.com\/sk\/wp-json\/wp\/v2\/pages\/563\/revisions"}],"predecessor-version":[{"id":565,"href":"https:\/\/telensky.com\/sk\/wp-json\/wp\/v2\/pages\/563\/revisions\/565"}],"wp:attachment":[{"href":"https:\/\/telensky.com\/sk\/wp-json\/wp\/v2\/media?parent=563"}],"curies":[{"name":"wp","href":"https:\/\/api.w.org\/{rel}","templated":true}]}}