{"id":573,"date":"2018-12-04T09:53:31","date_gmt":"2018-12-04T08:53:31","guid":{"rendered":"https:\/\/telensky.com\/farmar\/"},"modified":"2019-04-05T12:32:57","modified_gmt":"2019-04-05T10:32:57","slug":"farmar","status":"publish","type":"page","link":"https:\/\/telensky.com\/sk\/farmar\/","title":{"rendered":"Farm\u00e1r"},"content":{"rendered":"<div  class=\"lgc-column lgc-grid-parent lgc-grid-50 lgc-tablet-grid-50 lgc-mobile-grid-100 lgc-equal-heights \"><div  class=\"inside-grid-column\">\n<p><strong>Filozofiou je vyr\u00e1ba\u0165 vysoko kvalitn\u00e9 zdrav\u00e9 potraviny a dlhodob\u00fdm cie\u013eom farmy je postupne sa transformova\u0165 tak, aby sa stala plne samostatn\u00e1 a\u00a0prosperuj\u00faca.<\/strong><\/p>\n<p>Dlhodob\u00fdm cie\u013eom farmy je postupne sa transformova\u0165 tak, aby sa stala plne samostatn\u00e1 a prosperuj\u00faca.<\/p>\n<p><\/p><\/div><\/div>\n<div  class=\"lgc-column lgc-grid-parent lgc-grid-50 lgc-tablet-grid-50 lgc-mobile-grid-100 lgc-equal-heights \"><div  class=\"inside-grid-column\">\n<p><strong>Ve\u013emi dobre si uvedomujeme, ak\u00fd dopad m\u00e1 na\u0161a konanie na \u017eivotn\u00e9 prostredie<\/strong> a preto kladieme \u010doraz v\u00e4\u010d\u0161\u00ed d\u00f4raz na pou\u017e\u00edvanie \u00fa\u010dinnej\u0161\u00edch technol\u00f3gi\u00ed \u0161etrn\u00fdch k \u017eivotn\u00e9mu prostrediu, ako aj na zn\u00ed\u017eenie spotreby energie a chemick\u00fdch l\u00e1tok.<\/p>\n<p><\/p><\/div><\/div><div class=\"lgc-clear\"><\/div>\n\t\t\t    <ul class=\"gallery\">\r\n\t\t\t        \t\t\t        \t\r\n\t\t\t            <li>\r\n\t\t\t                <a rel=\"lightbox[roadtrip]\" href=\"https:\/\/telensky.com\/wp-content\/uploads\/2018\/12\/DSC03573-1-1024x768.jpg\" title=\"\" data-rel=\"lightbox-image-0\" data-rl_title=\"\" data-rl_caption=\"\">\r\n\t\t\t                     <img decoding=\"async\" src=\"https:\/\/telensky.com\/wp-content\/uploads\/2018\/12\/DSC03573-1-500x283.jpg\" title=\"DSC03573\" alt=\"\" \/>\r\n\t\t\t                <\/a>\r\n\t\t\t                \r\n\t\t\t            <\/li>\r\n\t\t\t        \t\t\t        \t\r\n\t\t\t            <li>\r\n\t\t\t                <a rel=\"lightbox[roadtrip]\" href=\"https:\/\/telensky.com\/wp-content\/uploads\/2018\/12\/DSC04960-1024x768.jpg\" title=\"\" data-rel=\"lightbox-image-1\" data-rl_title=\"\" data-rl_caption=\"\">\r\n\t\t\t                     <img decoding=\"async\" src=\"https:\/\/telensky.com\/wp-content\/uploads\/2018\/12\/DSC04960-500x283.jpg\" title=\"DSC04960\" alt=\"\" \/>\r\n\t\t\t                <\/a>\r\n\t\t\t                \r\n\t\t\t            <\/li>\r\n\t\t\t        \t\t\t        \t\r\n\t\t\t            <li>\r\n\t\t\t                <a rel=\"lightbox[roadtrip]\" href=\"https:\/\/telensky.com\/wp-content\/uploads\/2018\/12\/DSF_1634-1024x678.jpg\" title=\"\" data-rel=\"lightbox-image-2\" data-rl_title=\"\" data-rl_caption=\"\">\r\n\t\t\t                     <img decoding=\"async\" src=\"https:\/\/telensky.com\/wp-content\/uploads\/2018\/12\/DSF_1634-500x283.jpg\" title=\"DSF_1634\" alt=\"\" \/>\r\n\t\t\t                <\/a>\r\n\t\t\t                \r\n\t\t\t            <\/li>\r\n\t\t\t        \t\t\t        \t\r\n\t\t\t            <li>\r\n\t\t\t                <a rel=\"lightbox[roadtrip]\" href=\"https:\/\/telensky.com\/wp-content\/uploads\/2018\/12\/IMG_2275-1024x765.jpg\" title=\"\" data-rel=\"lightbox-image-3\" data-rl_title=\"\" data-rl_caption=\"\">\r\n\t\t\t                     <img decoding=\"async\" src=\"https:\/\/telensky.com\/wp-content\/uploads\/2018\/12\/IMG_2275-500x283.jpg\" title=\"IMG_2275\" alt=\"\" \/>\r\n\t\t\t                <\/a>\r\n\t\t\t                \r\n\t\t\t            <\/li>\r\n\t\t\t        \t\t\t        \t\r\n\t\t\t            <li>\r\n\t\t\t                <a rel=\"lightbox[roadtrip]\" href=\"https:\/\/telensky.com\/wp-content\/uploads\/2018\/12\/IMG_2410-1024x765.jpg\" title=\"\" data-rel=\"lightbox-image-4\" data-rl_title=\"\" data-rl_caption=\"\">\r\n\t\t\t                     <img decoding=\"async\" src=\"https:\/\/telensky.com\/wp-content\/uploads\/2018\/12\/IMG_2410-500x283.jpg\" title=\"IMG_2410\" alt=\"\" \/>\r\n\t\t\t                <\/a>\r\n\t\t\t                \r\n\t\t\t            <\/li>\r\n\t\t\t        \t\t\t        \t\r\n\t\t\t            <li>\r\n\t\t\t                <a rel=\"lightbox[roadtrip]\" href=\"https:\/\/telensky.com\/wp-content\/uploads\/2018\/12\/IMG_2858-1024x765.jpg\" title=\"\" data-rel=\"lightbox-image-5\" data-rl_title=\"\" data-rl_caption=\"\">\r\n\t\t\t                     <img decoding=\"async\" src=\"https:\/\/telensky.com\/wp-content\/uploads\/2018\/12\/IMG_2858-500x283.jpg\" title=\"IMG_2858\" alt=\"\" \/>\r\n\t\t\t                <\/a>\r\n\t\t\t                \r\n\t\t\t            <\/li>\r\n\t\t\t        \t\t\t        \t\r\n\t\t\t            <li>\r\n\t\t\t                <a rel=\"lightbox[roadtrip]\" href=\"https:\/\/telensky.com\/wp-content\/uploads\/2018\/12\/IMG_4134-1024x768.jpg\" title=\"\" data-rel=\"lightbox-image-6\" data-rl_title=\"\" data-rl_caption=\"\">\r\n\t\t\t                     <img decoding=\"async\" src=\"https:\/\/telensky.com\/wp-content\/uploads\/2018\/12\/IMG_4134-500x283.jpg\" title=\"IMG_4134\" alt=\"\" \/>\r\n\t\t\t                <\/a>\r\n\t\t\t                \r\n\t\t\t            <\/li>\r\n\t\t\t        \t\t\t        \t\r\n\t\t\t            <li>\r\n\t\t\t                <a rel=\"lightbox[roadtrip]\" href=\"https:\/\/telensky.com\/wp-content\/uploads\/2018\/12\/IMG_4339-1024x765.jpg\" title=\"\" data-rel=\"lightbox-image-7\" data-rl_title=\"\" data-rl_caption=\"\">\r\n\t\t\t                     <img decoding=\"async\" src=\"https:\/\/telensky.com\/wp-content\/uploads\/2018\/12\/IMG_4339-500x283.jpg\" title=\"IMG_4339\" alt=\"\" \/>\r\n\t\t\t                <\/a>\r\n\t\t\t                \r\n\t\t\t            <\/li>\r\n\t\t\t        \t\t\t        \t\r\n\t\t\t            <li>\r\n\t\t\t                <a rel=\"lightbox[roadtrip]\" href=\"https:\/\/telensky.com\/wp-content\/uploads\/2018\/12\/IMG_9453-1024x768.jpg\" title=\"\" data-rel=\"lightbox-image-8\" data-rl_title=\"\" data-rl_caption=\"\">\r\n\t\t\t                     <img decoding=\"async\" src=\"https:\/\/telensky.com\/wp-content\/uploads\/2018\/12\/IMG_9453-500x283.jpg\" title=\"IMG_9453\" alt=\"\" \/>\r\n\t\t\t                <\/a>\r\n\t\t\t                \r\n\t\t\t            <\/li>\r\n\t\t\t        \t\t\t        \t\r\n\t\t\t            <li>\r\n\t\t\t                <a rel=\"lightbox[roadtrip]\" href=\"https:\/\/telensky.com\/wp-content\/uploads\/2018\/12\/P1020073-1024x768.jpg\" title=\"\" data-rel=\"lightbox-image-9\" data-rl_title=\"\" data-rl_caption=\"\">\r\n\t\t\t                     <img decoding=\"async\" src=\"https:\/\/telensky.com\/wp-content\/uploads\/2018\/12\/P1020073-500x283.jpg\" title=\"P1020073\" alt=\"\" \/>\r\n\t\t\t                <\/a>\r\n\t\t\t                \r\n\t\t\t            <\/li>\r\n\t\t\t        \t\t\t        \t\r\n\t\t\t            <li>\r\n\t\t\t                <a rel=\"lightbox[roadtrip]\" href=\"https:\/\/telensky.com\/wp-content\/uploads\/2018\/12\/P1020085-1024x768.jpg\" title=\"\" data-rel=\"lightbox-image-10\" data-rl_title=\"\" data-rl_caption=\"\">\r\n\t\t\t                     <img decoding=\"async\" src=\"https:\/\/telensky.com\/wp-content\/uploads\/2018\/12\/P1020085-500x283.jpg\" title=\"P1020085\" alt=\"\" \/>\r\n\t\t\t                <\/a>\r\n\t\t\t                \r\n\t\t\t            <\/li>\r\n\t\t\t        \t\t\t        \t\r\n\t\t\t            <li>\r\n\t\t\t                <a rel=\"lightbox[roadtrip]\" href=\"https:\/\/telensky.com\/wp-content\/uploads\/2018\/12\/PDP-031.jpg\" title=\"\" data-rel=\"lightbox-image-11\" data-rl_title=\"\" data-rl_caption=\"\">\r\n\t\t\t                     <img decoding=\"async\" src=\"https:\/\/telensky.com\/wp-content\/uploads\/2018\/12\/PDP-031-500x283.jpg\" title=\"PDP 031\" alt=\"\" \/>\r\n\t\t\t                <\/a>\r\n\t\t\t                \r\n\t\t\t            <\/li>\r\n\t\t\t        \t\t\t    <\/ul>\r\n\t\t\t\n","protected":false},"excerpt":{"rendered":"","protected":false},"author":1,"featured_media":0,"parent":0,"menu_order":0,"comment_status":"closed","ping_status":"closed","template":"template-farmer.php","meta":{"footnotes":""},"class_list":["post-573","page","type-page","status-publish","hentry"],"aioseo_notices":[],"_links":{"self":[{"href":"https:\/\/telensky.com\/sk\/wp-json\/wp\/v2\/pages\/573","targetHints":{"allow":["GET"]}}],"collection":[{"href":"https:\/\/telensky.com\/sk\/wp-json\/wp\/v2\/pages"}],"about":[{"href":"https:\/\/telensky.com\/sk\/wp-json\/wp\/v2\/types\/page"}],"author":[{"embeddable":true,"href":"https:\/\/telensky.com\/sk\/wp-json\/wp\/v2\/users\/1"}],"replies":[{"embeddable":true,"href":"https:\/\/telensky.com\/sk\/wp-json\/wp\/v2\/comments?post=573"}],"version-history":[{"count":3,"href":"https:\/\/telensky.com\/sk\/wp-json\/wp\/v2\/pages\/573\/revisions"}],"predecessor-version":[{"id":590,"href":"https:\/\/telensky.com\/sk\/wp-json\/wp\/v2\/pages\/573\/revisions\/590"}],"wp:attachment":[{"href":"https:\/\/telensky.com\/sk\/wp-json\/wp\/v2\/media?parent=573"}],"curies":[{"name":"wp","href":"https:\/\/api.w.org\/{rel}","templated":true}]}}