{"id":591,"date":"2018-12-04T09:54:08","date_gmt":"2018-12-04T08:54:08","guid":{"rendered":"https:\/\/telensky.com\/filantropie\/"},"modified":"2019-04-05T12:38:22","modified_gmt":"2019-04-05T10:38:22","slug":"filantropia","status":"publish","type":"page","link":"https:\/\/telensky.com\/sk\/filantropia\/","title":{"rendered":"Filantropia"},"content":{"rendered":"<div  class=\"lgc-column lgc-grid-parent lgc-grid-50 lgc-tablet-grid-50 lgc-mobile-grid-100 lgc-equal-heights \"><div  class=\"inside-grid-column\">\n<h2>Jan Telensky \u2013 Michael James Browne<\/h2>\n<p>Mike za\u010dal svoju vojensk\u00fa kari\u00e9ru v Royal Marines v roku 1997, v roku 2003 pre\u0161iel do 29. kr\u00e1\u013eovsk\u00e9ho delostreleck\u00e9ho komanda, odkia\u013e bol prevelen\u00fd do jednotky Tri Service v Pool.<\/p>\n<p>V okt\u00f3bri 2011 bol zranen\u00fd. Po dvoch rokoch v \u0165a\u017ek\u00fdch bolestiach, kedy sa doktori sna\u017eili zachr\u00e1ni\u0165 infikovan\u00fa nohu, po\u017eiadal o amput\u00e1ciu.<\/p>\n<p><img loading=\"lazy\" decoding=\"async\" class=\"alignnone size-medium wp-image-263\" src=\"http:\/\/telensky.com\/wp-content\/uploads\/2019\/02\/MichaelJames-300x300.jpg\" alt=\"\" width=\"300\" height=\"300\" srcset=\"https:\/\/telensky.com\/wp-content\/uploads\/2019\/02\/MichaelJames-300x300.jpg 300w, https:\/\/telensky.com\/wp-content\/uploads\/2019\/02\/MichaelJames-150x150.jpg 150w, https:\/\/telensky.com\/wp-content\/uploads\/2019\/02\/MichaelJames-768x767.jpg 768w, https:\/\/telensky.com\/wp-content\/uploads\/2019\/02\/MichaelJames-120x120.jpg 120w, https:\/\/telensky.com\/wp-content\/uploads\/2019\/02\/MichaelJames.jpg 960w\" sizes=\"auto, (max-width: 300px) 100vw, 300px\" \/><\/p>\n<p><\/p><\/div><\/div>\n<div  class=\"lgc-column lgc-grid-parent lgc-grid-50 lgc-tablet-grid-50 lgc-mobile-grid-100 lgc-equal-heights \"><div  class=\"inside-grid-column\">\n<h2>Jan Telensky &#8211; Nemocnica v Poprade<\/h2>\n<p>Jan Telensky daroval pediatrick\u00e9mu oddeleniu pr\u00edstroj EKG.<\/p>\n<p><img loading=\"lazy\" decoding=\"async\" class=\"alignnone size-medium wp-image-260\" src=\"http:\/\/telensky.com\/wp-content\/uploads\/2019\/02\/ekg_detjis-2-300x200.jpg\" alt=\"\" width=\"300\" height=\"200\" srcset=\"https:\/\/telensky.com\/wp-content\/uploads\/2019\/02\/ekg_detjis-2-300x200.jpg 300w, https:\/\/telensky.com\/wp-content\/uploads\/2019\/02\/ekg_detjis-2-768x512.jpg 768w, https:\/\/telensky.com\/wp-content\/uploads\/2019\/02\/ekg_detjis-2-1024x682.jpg 1024w, https:\/\/telensky.com\/wp-content\/uploads\/2019\/02\/ekg_detjis-2-180x120.jpg 180w, https:\/\/telensky.com\/wp-content\/uploads\/2019\/02\/ekg_detjis-2.jpg 1280w\" sizes=\"auto, (max-width: 300px) 100vw, 300px\" \/><\/p>\n<h2>Digit\u00e1lny anjeli<\/h2>\n<p>Jan Telensky pravidelne venuje mno\u017estvo notebookov \u0161kol\u00e1m a\u00a0soci\u00e1lne slab\u0161\u00edm rodin\u00e1m.<\/p>\n<p><\/p><\/div><\/div><div class=\"lgc-clear\"><\/div>\n<h2>T\u00edm britskej arm\u00e1dy hr\u00e1 s t\u00edmom slovenskej arm\u00e1dy<\/h2>\n<p>V r\u00e1mci vysielania r\u00e1dia britsk\u00fdch ozbrojen\u00fdch s\u00edl, hovor\u00ed Dr. Jan Telensky o t\u00edme britskej arm\u00e1dy, ktor\u00fd sa stretol s t\u00edmom slovensk\u00e9ho arm\u00e1dy na N\u00e1rodnom futbalovom \u0161tadi\u00f3ne v Poprade.<\/p>\n<p><iframe loading=\"lazy\" src=\"https:\/\/www.youtube.com\/embed\/Xk1qczW25oc\" width=\"560\" height=\"315\" frameborder=\"0\" allowfullscreen=\"allowfullscreen\"><\/iframe><\/p>\n<h2>Dovolenka pre hrdinu<\/h2>\n<p>Jan Telensky je hrd\u00fdm z\u00e1stancom spolo\u010dnosti Holidays4Heroes a ned\u00e1vno ozn\u00e1mil, \u017ee posledn\u00fdm pr\u00edjemcom je Liam Brentley vo veku 25 rokov. Po\u010das slu\u017eby v Royal Marines v Afganistane, provincia Helmand, bol postrelen\u00fd do hlavy. Ako z\u00e1zrakom pre\u017eil a v s\u00fa\u010dasnosti sa zotavuje zo svojich zranen\u00ed.<\/p>\n<p>Koordin\u00e1tor Holiday4Heroes major Terry Butterworth a\u00a0majite\u013e\u00a0 AquaCity Jan Telensk\u00fd urobili l\u00e1skav\u00e9 gesto, poskytli b\u00fdval\u00e9mu ragbistami klubu Sheffield Eagles bezplatn\u00fa t\u00fd\u017edenn\u00fa dovolenku pre Liama \u200b\u200ba cel\u00fa jeho rodinu v AquaCity Poprad.<\/p>\n<h2>Jan Telensky &#8211; Deti patr\u00ed rodi\u010dom<\/h2>\n<p>V rokoch 2012 a 2013 pomohol Jan Telensky slovenskej rodine, aby dostala sp\u00e4\u0165 svojich 2 synov od britsk\u00fdch soci\u00e1lnych \u00faradov.<\/p>\n<p>Chlapci boli p\u00f4vodne odobran\u00ed od svojich rodi\u010dov britsk\u00fdmi soci\u00e1lnymi \u00faradmi na z\u00e1klade obvinenia, \u017ee sa s nimi zle zaobch\u00e1dzalo. Po nieko\u013ek\u00fdch n\u00e1sledn\u00fdch konaniach bolo v\u0161ak 16. novembra toho roku prijat\u00e9 rozhodnutie a odvolac\u00ed s\u00fad povolil chlapcom, aby sa vr\u00e1tili na Slovensko k svojej rodine. S\u00fad potvrdil rozhodnutie v polovici decembra, preto\u017ee nebolo podan\u00e9 odvolanie.<\/p>\n<p><iframe loading=\"lazy\" src=\"https:\/\/tivi.cas.sk\/embed\/1505529\" width=\"640\" height=\"360\" frameborder=\"0\" allowfullscreen=\"allowfullscreen\"><\/iframe><\/p>\n","protected":false},"excerpt":{"rendered":"<p>T\u00edm britskej arm\u00e1dy hr\u00e1 s t\u00edmom slovenskej arm\u00e1dy V r\u00e1mci vysielania r\u00e1dia britsk\u00fdch ozbrojen\u00fdch s\u00edl, hovor\u00ed Dr. Jan Telensky o t\u00edme britskej arm\u00e1dy, ktor\u00fd sa stretol s t\u00edmom slovensk\u00e9ho arm\u00e1dy na N\u00e1rodnom futbalovom \u0161tadi\u00f3ne v Poprade. Dovolenka pre hrdinu Jan Telensky je hrd\u00fdm z\u00e1stancom spolo\u010dnosti Holidays4Heroes a ned\u00e1vno ozn\u00e1mil, \u017ee posledn\u00fdm pr\u00edjemcom je Liam Brentley&#8230;<\/p>\n","protected":false},"author":1,"featured_media":0,"parent":0,"menu_order":0,"comment_status":"closed","ping_status":"closed","template":"","meta":{"footnotes":""},"class_list":["post-591","page","type-page","status-publish","hentry"],"aioseo_notices":[],"_links":{"self":[{"href":"https:\/\/telensky.com\/sk\/wp-json\/wp\/v2\/pages\/591","targetHints":{"allow":["GET"]}}],"collection":[{"href":"https:\/\/telensky.com\/sk\/wp-json\/wp\/v2\/pages"}],"about":[{"href":"https:\/\/telensky.com\/sk\/wp-json\/wp\/v2\/types\/page"}],"author":[{"embeddable":true,"href":"https:\/\/telensky.com\/sk\/wp-json\/wp\/v2\/users\/1"}],"replies":[{"embeddable":true,"href":"https:\/\/telensky.com\/sk\/wp-json\/wp\/v2\/comments?post=591"}],"version-history":[{"count":2,"href":"https:\/\/telensky.com\/sk\/wp-json\/wp\/v2\/pages\/591\/revisions"}],"predecessor-version":[{"id":594,"href":"https:\/\/telensky.com\/sk\/wp-json\/wp\/v2\/pages\/591\/revisions\/594"}],"wp:attachment":[{"href":"https:\/\/telensky.com\/sk\/wp-json\/wp\/v2\/media?parent=591"}],"curies":[{"name":"wp","href":"https:\/\/api.w.org\/{rel}","templated":true}]}}