{"id":628,"date":"2018-12-04T09:51:10","date_gmt":"2018-12-04T08:51:10","guid":{"rendered":"https:\/\/telensky.com\/jan-telensky\/"},"modified":"2023-05-10T15:34:01","modified_gmt":"2023-05-10T13:34:01","slug":"jan-telensky","status":"publish","type":"page","link":"https:\/\/telensky.com\/sk\/","title":{"rendered":"Jan Telensky"},"content":{"rendered":"<div  class=\"lgc-column lgc-grid-parent lgc-grid-55 lgc-tablet-grid-55 lgc-mobile-grid-100 lgc-equal-heights \"><div  class=\"inside-grid-column\">\n<p>Ke\u010f sa ocitol na brehoch Ve\u013ekej Brit\u00e1nie 21. augusta 1969, presne jeden rok od inv\u00e1zie \u010ceskoslovenska Rusmi, mal pri sebe len 2 libry. &#8222;Nevedel som anglicky, nemal som kde b\u00fdva\u0165. Dva t\u00fd\u017edne som spal na cintor\u00edne pri Dunstable. Aspo\u0148 som mal ve\u013emi tich\u00fdch susedov&#8220;, hovor\u00ed. Prostredn\u00edctvom rodinn\u00e9ho priate\u013ea, Jan Telensky nakoniec dostal pr\u00e1cu na mont\u00e1\u017enej linke v tov\u00e1rni na automobily Vauxhall v Lutone a\u00a0nesk\u00f4r pracoval ako bezpe\u010dnostn\u00e1 str\u00e1\u017e na mestskom letisku. Jeho cie\u013eom a\u00a0snahou bolo zlep\u0161i\u0165 si angli\u010dtinu. V roku 1973 pri\u0161la pr\u00edle\u017eitos\u0165 k\u00fapi\u0165 si obchod s lah\u00f4dkami na Barry Road v Lutone, kde sa stravovali predov\u0161etk\u00fdm Taliani, Poliaci a \u010fal\u0161\u00ed v\u00fdchodn\u00ed Eur\u00f3pania. &#8222;Star\u00fd priate\u013e, ktor\u00fd vlastnil obchod, sa chystal od\u00eds\u0165 do d\u00f4chodku, ale o\u00a0jeho obchod nikto nemal z\u00e1ujem a tak som ho k\u00fapil ja.&#8220; Jan Telensky z neho vybudoval \u00faspe\u0161n\u00fa firmu a v roku 1976 ju za vysok\u00fa sumu predal.<\/p>\n<p>Ke\u010f mal len 28 rokov, \u00a0chcel od\u00eds\u0165 do d\u00f4chodku &#8211; ale ve\u013emi r\u00fdchlo sa za\u010dal nudi\u0165. &#8222;Neuvedomil som si, \u017ee odchod do d\u00f4chodku je stav mysle.&#8220; Pou\u017eil teda peniaze z\u00a0predaja ktor\u00e9 zarobil, na n\u00e1kup \u0161tyroch domov, ka\u017ed\u00fd za 10 000 \u2013 12 000 libier. Zrekon\u0161truoval ich a\u00a0za\u010dal prenaj\u00edma\u0165. To bol jeho prv\u00fd krok podnikaniu s\u00a0nehnute\u013enos\u0165ami, ktor\u00e9mu sa venuje dodnes. \u00a0St\u00e1le to v\u0161ak nesta\u010dilo. &#8222;Po \u0161tyroch mesiacoch som sa tak nudil, \u017ee som sa zamestnal na \u010diasto\u010dn\u00fd \u00fav\u00e4zok u firmy Scheideggers&#8220;, ktor\u00e1 sa \u00a0nesk\u00f4r stala najv\u00e4\u010d\u0161\u00edm sekret\u00e1rskym vzdel\u00e1vac\u00edm in\u0161tit\u00fatom v\u00a0Eur\u00f3pe a\u00a0Jan Telensky sa stal obchodn\u00fdm riadite\u013eom spolo\u010dnosti v Spojenom kr\u00e1\u013eovstve. &#8222;Produkt sa mi tak zap\u00e1\u010dil tak, \u017ee som za\u010dal konkuren\u010dn\u00fa s\u00fa\u0165a\u017e,&#8220; dod\u00e1va Jan Telensky. Za 20 000 libier zalo\u017eil v\u00a0roku 1981 svoju vlastn\u00fa obchodn\u00fa tr\u00e9ningov\u00fa firmu a nakoniec svojho b\u00fdval\u00e9ho zamestn\u00e1vate\u013ea vyradil, ke\u010f v roku 1989 k\u00fapil Scheideggers za 50 000 libier od likvid\u00e1tora.<\/p>\n<p>Po cel\u00fa dobu sa venoval aj \u010falej investovaniu v n\u00e1kupe nehnute\u013enost\u00ed. Vo Ve\u013ekej Brit\u00e1nii ich vlastn\u00ed ve\u013ek\u00e9 mno\u017estvo. Ke\u010f padla \u017eelezn\u00e1 opona, nieko\u013eko bytov k\u00fapil aj v\u00a0Prahe. V s\u00fa\u010dasnej dobe sa jeho podnikate\u013esk\u00e9 aktivity zameriavaj\u00fa na rezort, ktor\u00fd je najekologickej\u0161\u00edm strediskom na svete. \u00a0AquaCity Poprad pod Vysok\u00fdmi Tatrami zalo\u017eil roku 2002. Stredisko vyu\u017e\u00edva geoterm\u00e1lnu energiu z podzemn\u00e9ho jazera a\u00a0term\u00e1lnou vodou nap\u013a\u0148a baz\u00e9ny v\u00a0Aquaparku a vyu\u017e\u00edva sa na vykurovanie hotelov a\u00a0cel\u00e9ho rezortu. V roku 2012 bol olympijsk\u00fdm ata\u0161\u00e9 slovensk\u00e9ho t\u00edmu, ktor\u00fd mal s\u00eddlo v in\u0161tit\u00fate riadite\u013estva Pall Mall. Jan Telensky nem\u00e1 nikdy dos\u0165 aktiv\u00edt. Re\u0165azec v\u0161etk\u00fdch jeho firiem m\u00e1 v s\u00fa\u010dasnosti obrat viac ako 70 mili\u00f3nov libier ro\u010dne, ale to nie je jeho hlavn\u00e1 priorita. &#8222;Nikdy nepracujem pre peniaze &#8211; peniaze za\u010dal som za\u010dal zar\u00e1ba\u0165, ke\u010f som ich prestal po\u010d\u00edta\u0165 &#8230; Zauj\u00edma ma v\u00fdsledok, n\u00e1pad.&#8220;<\/p>\n<p><strong>Motto Jana Telensk\u00e9ho &#8211; &#8220; Bojuj o\u00a0jasne vyt\u00fd\u010den\u00fd cie\u013e a\u00a0urob nemo\u017en\u00e9 mo\u017en\u00fdm bez v\u00fdhovoriek &#8230;<\/strong><\/p>\n<p><\/p><\/div><\/div>\n<div  class=\"lgc-column lgc-grid-parent lgc-grid-45 lgc-tablet-grid-45 lgc-mobile-grid-100 lgc-equal-heights \"><div  class=\"inside-grid-column\">\n<p>\n\t\t<style type=\"text\/css\">\n\t\t\t#gallery-1 {\n\t\t\t\tmargin: auto;\n\t\t\t}\n\t\t\t#gallery-1 .gallery-item {\n\t\t\t\tfloat: left;\n\t\t\t\tmargin-top: 10px;\n\t\t\t\ttext-align: center;\n\t\t\t\twidth: 50%;\n\t\t\t}\n\t\t\t#gallery-1 img {\n\t\t\t\tborder: 2px solid #cfcfcf;\n\t\t\t}\n\t\t\t#gallery-1 .gallery-caption {\n\t\t\t\tmargin-left: 0;\n\t\t\t}\n\t\t\t\/* see gallery_shortcode() in wp-includes\/media.php *\/\n\t\t<\/style>\n\t\t<div id='gallery-1' class='gallery galleryid-628 gallery-columns-2 gallery-size-thumbnail'><dl class='gallery-item'>\n\t\t\t<dt class='gallery-icon portrait'>\n\t\t\t\t<a href='https:\/\/telensky.com\/wp-content\/uploads\/2019\/02\/1-1.jpg' title=\"\" data-rl_title=\"\" class=\"rl-gallery-link\" data-rl_caption=\"\" data-rel=\"lightbox-gallery-1\"><img loading=\"lazy\" decoding=\"async\" width=\"150\" height=\"150\" src=\"https:\/\/telensky.com\/wp-content\/uploads\/2019\/02\/1-1-150x150.jpg\" class=\"attachment-thumbnail size-thumbnail\" alt=\"\" \/><\/a>\n\t\t\t<\/dt><\/dl><dl class='gallery-item'>\n\t\t\t<dt class='gallery-icon portrait'>\n\t\t\t\t<a href='https:\/\/telensky.com\/wp-content\/uploads\/2019\/02\/2-1.jpg' title=\"\" data-rl_title=\"\" class=\"rl-gallery-link\" data-rl_caption=\"\" data-rel=\"lightbox-gallery-1\"><img loading=\"lazy\" decoding=\"async\" width=\"150\" height=\"150\" src=\"https:\/\/telensky.com\/wp-content\/uploads\/2019\/02\/2-1-150x150.jpg\" class=\"attachment-thumbnail size-thumbnail\" alt=\"\" \/><\/a>\n\t\t\t<\/dt><\/dl><br style=\"clear: both\" \/><dl class='gallery-item'>\n\t\t\t<dt class='gallery-icon portrait'>\n\t\t\t\t<a href='https:\/\/telensky.com\/wp-content\/uploads\/2019\/02\/DoIHoxsU8AASLgq.jpg' title=\"\" data-rl_title=\"\" class=\"rl-gallery-link\" data-rl_caption=\"\" data-rel=\"lightbox-gallery-1\"><img loading=\"lazy\" decoding=\"async\" width=\"150\" height=\"150\" src=\"https:\/\/telensky.com\/wp-content\/uploads\/2019\/02\/DoIHoxsU8AASLgq-150x150.jpg\" class=\"attachment-thumbnail size-thumbnail\" alt=\"\" \/><\/a>\n\t\t\t<\/dt><\/dl><dl class='gallery-item'>\n\t\t\t<dt class='gallery-icon portrait'>\n\t\t\t\t<a href='https:\/\/telensky.com\/wp-content\/uploads\/2023\/05\/WhatsApp-Image-2023-05-06-at-11.04.58-2.jpeg' title=\"\" data-rl_title=\"\" class=\"rl-gallery-link\" data-rl_caption=\"\" data-rel=\"lightbox-gallery-1\"><img loading=\"lazy\" decoding=\"async\" width=\"150\" height=\"150\" src=\"https:\/\/telensky.com\/wp-content\/uploads\/2023\/05\/WhatsApp-Image-2023-05-06-at-11.04.58-2-150x150.jpeg\" class=\"attachment-thumbnail size-thumbnail\" alt=\"\" \/><\/a>\n\t\t\t<\/dt><\/dl><br style=\"clear: both\" \/><dl class='gallery-item'>\n\t\t\t<dt class='gallery-icon landscape'>\n\t\t\t\t<a href='https:\/\/telensky.com\/wp-content\/uploads\/2023\/05\/WhatsApp-Image-2023-04-28-at-09.48.07-1.jpeg' title=\"\" data-rl_title=\"\" class=\"rl-gallery-link\" data-rl_caption=\"\" data-rel=\"lightbox-gallery-1\"><img loading=\"lazy\" decoding=\"async\" width=\"150\" height=\"150\" src=\"https:\/\/telensky.com\/wp-content\/uploads\/2023\/05\/WhatsApp-Image-2023-04-28-at-09.48.07-1-150x150.jpeg\" class=\"attachment-thumbnail size-thumbnail\" alt=\"\" \/><\/a>\n\t\t\t<\/dt><\/dl><dl class='gallery-item'>\n\t\t\t<dt class='gallery-icon landscape'>\n\t\t\t\t<a href='https:\/\/telensky.com\/wp-content\/uploads\/2022\/09\/WhatsApp-Image-2022-09-08-at-20.19.24.jpeg' title=\"\" data-rl_title=\"\" class=\"rl-gallery-link\" data-rl_caption=\"\" data-rel=\"lightbox-gallery-1\"><img loading=\"lazy\" decoding=\"async\" width=\"150\" height=\"150\" src=\"https:\/\/telensky.com\/wp-content\/uploads\/2022\/09\/WhatsApp-Image-2022-09-08-at-20.19.24-150x150.jpeg\" class=\"attachment-thumbnail size-thumbnail\" alt=\"\" \/><\/a>\n\t\t\t<\/dt><\/dl><br style=\"clear: both\" \/><dl class='gallery-item'>\n\t\t\t<dt class='gallery-icon landscape'>\n\t\t\t\t<a href='https:\/\/telensky.com\/wp-content\/uploads\/2021\/11\/WhatsApp-Image-2021-11-03-at-15.19.56-e1636044318665.jpeg' title=\"\" data-rl_title=\"\" class=\"rl-gallery-link\" data-rl_caption=\"\" data-rel=\"lightbox-gallery-1\"><img loading=\"lazy\" decoding=\"async\" width=\"150\" height=\"150\" src=\"https:\/\/telensky.com\/wp-content\/uploads\/2021\/11\/WhatsApp-Image-2021-11-03-at-15.19.56-e1636044318665-150x150.jpeg\" class=\"attachment-thumbnail size-thumbnail\" alt=\"\" \/><\/a>\n\t\t\t<\/dt><\/dl><dl class='gallery-item'>\n\t\t\t<dt class='gallery-icon landscape'>\n\t\t\t\t<a href='https:\/\/telensky.com\/wp-content\/uploads\/2019\/02\/mr-telensky-with-philip-duke-of-edinburgh2.jpg' title=\"\" data-rl_title=\"\" class=\"rl-gallery-link\" data-rl_caption=\"\" data-rel=\"lightbox-gallery-1\"><img loading=\"lazy\" decoding=\"async\" width=\"150\" height=\"150\" src=\"https:\/\/telensky.com\/wp-content\/uploads\/2019\/02\/mr-telensky-with-philip-duke-of-edinburgh2-150x150.jpg\" class=\"attachment-thumbnail size-thumbnail\" alt=\"\" \/><\/a>\n\t\t\t<\/dt><\/dl><br style=\"clear: both\" \/><dl class='gallery-item'>\n\t\t\t<dt class='gallery-icon portrait'>\n\t\t\t\t<a href='https:\/\/telensky.com\/wp-content\/uploads\/2019\/02\/article-2638312-image-1-1.jpg' title=\"\" data-rl_title=\"\" class=\"rl-gallery-link\" data-rl_caption=\"\" data-rel=\"lightbox-gallery-1\"><img loading=\"lazy\" decoding=\"async\" width=\"150\" height=\"150\" src=\"https:\/\/telensky.com\/wp-content\/uploads\/2019\/02\/article-2638312-image-1-1-150x150.jpg\" class=\"attachment-thumbnail size-thumbnail\" alt=\"\" \/><\/a>\n\t\t\t<\/dt><\/dl><dl class='gallery-item'>\n\t\t\t<dt class='gallery-icon landscape'>\n\t\t\t\t<a href='https:\/\/telensky.com\/wp-content\/uploads\/2019\/02\/article-1324927-image-1-1.jpg' title=\"\" data-rl_title=\"\" class=\"rl-gallery-link\" data-rl_caption=\"\" data-rel=\"lightbox-gallery-1\"><img loading=\"lazy\" decoding=\"async\" width=\"150\" height=\"150\" src=\"https:\/\/telensky.com\/wp-content\/uploads\/2019\/02\/article-1324927-image-1-1-150x150.jpg\" class=\"attachment-thumbnail size-thumbnail\" alt=\"\" \/><\/a>\n\t\t\t<\/dt><\/dl><br style=\"clear: both\" \/><dl class='gallery-item'>\n\t\t\t<dt class='gallery-icon landscape'>\n\t\t\t\t<a href='https:\/\/telensky.com\/wp-content\/uploads\/2019\/02\/o_telensky11.jpg' title=\"\" data-rl_title=\"\" class=\"rl-gallery-link\" data-rl_caption=\"\" data-rel=\"lightbox-gallery-1\"><img loading=\"lazy\" decoding=\"async\" width=\"150\" height=\"150\" src=\"https:\/\/telensky.com\/wp-content\/uploads\/2019\/02\/o_telensky11-150x150.jpg\" class=\"attachment-thumbnail size-thumbnail\" alt=\"\" \/><\/a>\n\t\t\t<\/dt><\/dl><dl class='gallery-item'>\n\t\t\t<dt class='gallery-icon portrait'>\n\t\t\t\t<a href='https:\/\/telensky.com\/wp-content\/uploads\/2019\/02\/jantelensky.jpg' title=\"\" data-rl_title=\"\" class=\"rl-gallery-link\" data-rl_caption=\"\" data-rel=\"lightbox-gallery-1\"><img loading=\"lazy\" decoding=\"async\" width=\"150\" height=\"150\" src=\"https:\/\/telensky.com\/wp-content\/uploads\/2019\/02\/jantelensky-150x150.jpg\" class=\"attachment-thumbnail size-thumbnail\" alt=\"\" \/><\/a>\n\t\t\t<\/dt><\/dl><br style=\"clear: both\" \/><dl class='gallery-item'>\n\t\t\t<dt class='gallery-icon portrait'>\n\t\t\t\t<a href='https:\/\/telensky.com\/wp-content\/uploads\/2019\/02\/6a8c1539ec70260851f77dd966f5e50c-1.jpg' title=\"\" data-rl_title=\"\" class=\"rl-gallery-link\" data-rl_caption=\"\" data-rel=\"lightbox-gallery-1\"><img loading=\"lazy\" decoding=\"async\" width=\"150\" height=\"150\" src=\"https:\/\/telensky.com\/wp-content\/uploads\/2019\/02\/6a8c1539ec70260851f77dd966f5e50c-1-150x150.jpg\" class=\"attachment-thumbnail size-thumbnail\" alt=\"\" \/><\/a>\n\t\t\t<\/dt><\/dl><dl class='gallery-item'>\n\t\t\t<dt class='gallery-icon landscape'>\n\t\t\t\t<a href='https:\/\/telensky.com\/wp-content\/uploads\/2019\/02\/13064544_492437334291784_6913669102865341084_o.jpg' title=\"\" data-rl_title=\"\" class=\"rl-gallery-link\" data-rl_caption=\"\" data-rel=\"lightbox-gallery-1\"><img loading=\"lazy\" decoding=\"async\" width=\"150\" height=\"150\" src=\"https:\/\/telensky.com\/wp-content\/uploads\/2019\/02\/13064544_492437334291784_6913669102865341084_o-150x150.jpg\" class=\"attachment-thumbnail size-thumbnail\" alt=\"\" \/><\/a>\n\t\t\t<\/dt><\/dl><br style=\"clear: both\" \/>\n\t\t<\/div>\n<\/p>\n<p><\/p><\/div><\/div><div class=\"lgc-clear\"><\/div>\n","protected":false},"excerpt":{"rendered":"","protected":false},"author":1,"featured_media":0,"parent":0,"menu_order":0,"comment_status":"closed","ping_status":"closed","template":"","meta":{"footnotes":""},"class_list":["post-628","page","type-page","status-publish","hentry"],"aioseo_notices":[],"_links":{"self":[{"href":"https:\/\/telensky.com\/sk\/wp-json\/wp\/v2\/pages\/628","targetHints":{"allow":["GET"]}}],"collection":[{"href":"https:\/\/telensky.com\/sk\/wp-json\/wp\/v2\/pages"}],"about":[{"href":"https:\/\/telensky.com\/sk\/wp-json\/wp\/v2\/types\/page"}],"author":[{"embeddable":true,"href":"https:\/\/telensky.com\/sk\/wp-json\/wp\/v2\/users\/1"}],"replies":[{"embeddable":true,"href":"https:\/\/telensky.com\/sk\/wp-json\/wp\/v2\/comments?post=628"}],"version-history":[{"count":4,"href":"https:\/\/telensky.com\/sk\/wp-json\/wp\/v2\/pages\/628\/revisions"}],"predecessor-version":[{"id":1068,"href":"https:\/\/telensky.com\/sk\/wp-json\/wp\/v2\/pages\/628\/revisions\/1068"}],"wp:attachment":[{"href":"https:\/\/telensky.com\/sk\/wp-json\/wp\/v2\/media?parent=628"}],"curies":[{"name":"wp","href":"https:\/\/api.w.org\/{rel}","templated":true}]}}