{"id":671,"date":"2019-02-06T11:29:19","date_gmt":"2019-02-06T10:29:19","guid":{"rendered":"https:\/\/telensky.com\/vzdelani\/"},"modified":"2020-01-27T13:12:02","modified_gmt":"2020-01-27T12:12:02","slug":"vzdelani","status":"publish","type":"page","link":"https:\/\/telensky.com\/sk\/vzdelani\/","title":{"rendered":"Vzdelanie"},"content":{"rendered":"<p><strong>Produkt virtu\u00e1lnej reality u\u017e z\u00edskal nieko\u013eko ocenen\u00ed vr\u00e1tane: Najlep\u0161\u00ed e-learningov\u00fd projekt &#8211; s\u00fakromn\u00fd sektor, Najlep\u0161ie simul\u00e1cie alebo virtu\u00e1lne prostredia, Najlep\u0161ie vyu\u017eitie zmie\u0161an\u00e9ho u\u010denia, \u00a0e-learning &#8211; ocenenie vynikaj\u00faci vzdel\u00e1vacej organiz\u00e1cie, \u00a0Najviac inovat\u00edvny nov\u00fd u\u010debn\u00fd produkt a najlep\u0161ie vzdel\u00e1vacie technol\u00f3gie.<\/strong><\/p>\n<p><iframe loading=\"lazy\" src=\"https:\/\/www.youtube.com\/embed\/v8BzbVDVuLg\" width=\"560\" height=\"315\" frameborder=\"0\" allowfullscreen=\"allowfullscreen\"><\/iframe><\/p>\n<p>Jan Telensky venuje po\u010d\u00edta\u010de \u0161kol\u00e1m na Slovensku a vytv\u00e1ra IT u\u010debne v z\u00e1kladn\u00fdch \u0161kol\u00e1ch. Sponzoruje tie\u017e talentovan\u00fdch, ale znev\u00fdhodnen\u00fdch \u0161tudentov na nieko\u013ek\u00fdch \u0161kol\u00e1ch.<\/p>\n\t\t\t    <ul class=\"gallery\">\r\n\t\t\t        \t\t\t        \t\r\n\t\t\t            <li>\r\n\t\t\t                <a rel=\"lightbox[roadtrip]\" href=\"https:\/\/telensky.com\/wp-content\/uploads\/2019\/02\/DSC_0713-2.jpg\" title=\"\" data-rel=\"lightbox-image-0\" data-rl_title=\"\" data-rl_caption=\"\">\r\n\t\t\t                     <img decoding=\"async\" src=\"https:\/\/telensky.com\/wp-content\/uploads\/2019\/02\/DSC_0713-2-400x283.jpg\" title=\"DSC_0713-2\" alt=\"\" \/>\r\n\t\t\t                <\/a>\r\n\t\t\t                \r\n\t\t\t            <\/li>\r\n\t\t\t        \t\t\t        \t\r\n\t\t\t            <li>\r\n\t\t\t                <a rel=\"lightbox[roadtrip]\" href=\"https:\/\/telensky.com\/wp-content\/uploads\/2019\/02\/DSC_0786-1.jpg\" title=\"\" data-rel=\"lightbox-image-1\" data-rl_title=\"\" data-rl_caption=\"\">\r\n\t\t\t                     <img decoding=\"async\" src=\"https:\/\/telensky.com\/wp-content\/uploads\/2019\/02\/DSC_0786-1.jpg\" title=\"DSC_0786-1\" alt=\"\" \/>\r\n\t\t\t                <\/a>\r\n\t\t\t                \r\n\t\t\t            <\/li>\r\n\t\t\t        \t\t\t        \t\r\n\t\t\t            <li>\r\n\t\t\t                <a rel=\"lightbox[roadtrip]\" href=\"https:\/\/telensky.com\/wp-content\/uploads\/2019\/02\/e-learning-2018-1.jpg\" title=\"\" data-rel=\"lightbox-image-2\" data-rl_title=\"\" data-rl_caption=\"\">\r\n\t\t\t                     <img decoding=\"async\" src=\"https:\/\/telensky.com\/wp-content\/uploads\/2019\/02\/e-learning-2018-1-500x283.jpg\" title=\"e-learning-2018-1\" alt=\"\" \/>\r\n\t\t\t                <\/a>\r\n\t\t\t                \r\n\t\t\t            <\/li>\r\n\t\t\t        \t\t\t        \t\r\n\t\t\t            <li>\r\n\t\t\t                <a rel=\"lightbox[roadtrip]\" href=\"https:\/\/telensky.com\/wp-content\/uploads\/2019\/02\/e-learning-2018-2.jpg\" title=\"\" data-rel=\"lightbox-image-3\" data-rl_title=\"\" data-rl_caption=\"\">\r\n\t\t\t                     <img decoding=\"async\" src=\"https:\/\/telensky.com\/wp-content\/uploads\/2019\/02\/e-learning-2018-2-500x283.jpg\" title=\"e-learning-2018-2\" alt=\"\" \/>\r\n\t\t\t                <\/a>\r\n\t\t\t                \r\n\t\t\t            <\/li>\r\n\t\t\t        \t\t\t        \t\r\n\t\t\t            <li>\r\n\t\t\t                <a rel=\"lightbox[roadtrip]\" href=\"https:\/\/telensky.com\/wp-content\/uploads\/2019\/02\/NVQ-Brochure-1-11.jpg\" title=\"\" data-rel=\"lightbox-image-4\" data-rl_title=\"\" data-rl_caption=\"\">\r\n\t\t\t                     <img decoding=\"async\" src=\"https:\/\/telensky.com\/wp-content\/uploads\/2019\/02\/NVQ-Brochure-1-11-500x283.jpg\" title=\"NVQ-Brochure-(1)-11\" alt=\"\" \/>\r\n\t\t\t                <\/a>\r\n\t\t\t                \r\n\t\t\t            <\/li>\r\n\t\t\t        \t\t\t        \t\r\n\t\t\t            <li>\r\n\t\t\t                <a rel=\"lightbox[roadtrip]\" href=\"https:\/\/telensky.com\/wp-content\/uploads\/2019\/02\/VR.jpg\" title=\"\" data-rel=\"lightbox-image-5\" data-rl_title=\"\" data-rl_caption=\"\">\r\n\t\t\t                     <img decoding=\"async\" src=\"https:\/\/telensky.com\/wp-content\/uploads\/2019\/02\/VR-500x283.jpg\" title=\"VR\" alt=\"\" \/>\r\n\t\t\t                <\/a>\r\n\t\t\t                \r\n\t\t\t            <\/li>\r\n\t\t\t        \t\t\t        \t\r\n\t\t\t            <li>\r\n\t\t\t                <a rel=\"lightbox[roadtrip]\" href=\"https:\/\/telensky.com\/wp-content\/uploads\/2019\/02\/vra-1024x674.jpg\" title=\"\" data-rel=\"lightbox-image-6\" data-rl_title=\"\" data-rl_caption=\"\">\r\n\t\t\t                     <img decoding=\"async\" src=\"https:\/\/telensky.com\/wp-content\/uploads\/2019\/02\/vra-500x283.jpg\" title=\"vra\" alt=\"\" \/>\r\n\t\t\t                <\/a>\r\n\t\t\t                \r\n\t\t\t            <\/li>\r\n\t\t\t        \t\t\t        \t\r\n\t\t\t            <li>\r\n\t\t\t                <a rel=\"lightbox[roadtrip]\" href=\"https:\/\/telensky.com\/wp-content\/uploads\/2019\/02\/VVR-1024x537.jpg\" title=\"\" data-rel=\"lightbox-image-7\" data-rl_title=\"\" data-rl_caption=\"\">\r\n\t\t\t                     <img decoding=\"async\" src=\"https:\/\/telensky.com\/wp-content\/uploads\/2019\/02\/VVR-500x283.jpg\" title=\"VVR\" alt=\"\" \/>\r\n\t\t\t                <\/a>\r\n\t\t\t                \r\n\t\t\t            <\/li>\r\n\t\t\t        \t\t\t    <\/ul>\r\n\t\t\t\n","protected":false},"excerpt":{"rendered":"<p>Produkt virtu\u00e1lnej reality u\u017e z\u00edskal nieko\u013eko ocenen\u00ed vr\u00e1tane: Najlep\u0161\u00ed e-learningov\u00fd projekt &#8211; s\u00fakromn\u00fd sektor, Najlep\u0161ie simul\u00e1cie alebo virtu\u00e1lne prostredia, Najlep\u0161ie vyu\u017eitie zmie\u0161an\u00e9ho u\u010denia, \u00a0e-learning &#8211; ocenenie vynikaj\u00faci vzdel\u00e1vacej organiz\u00e1cie, \u00a0Najviac inovat\u00edvny nov\u00fd u\u010debn\u00fd produkt a najlep\u0161ie vzdel\u00e1vacie technol\u00f3gie. Jan Telensky venuje po\u010d\u00edta\u010de \u0161kol\u00e1m na Slovensku a vytv\u00e1ra IT u\u010debne v z\u00e1kladn\u00fdch \u0161kol\u00e1ch. Sponzoruje tie\u017e talentovan\u00fdch,&#8230;<\/p>\n","protected":false},"author":1,"featured_media":0,"parent":0,"menu_order":0,"comment_status":"closed","ping_status":"closed","template":"","meta":{"footnotes":""},"class_list":["post-671","page","type-page","status-publish","hentry"],"aioseo_notices":[],"_links":{"self":[{"href":"https:\/\/telensky.com\/sk\/wp-json\/wp\/v2\/pages\/671","targetHints":{"allow":["GET"]}}],"collection":[{"href":"https:\/\/telensky.com\/sk\/wp-json\/wp\/v2\/pages"}],"about":[{"href":"https:\/\/telensky.com\/sk\/wp-json\/wp\/v2\/types\/page"}],"author":[{"embeddable":true,"href":"https:\/\/telensky.com\/sk\/wp-json\/wp\/v2\/users\/1"}],"replies":[{"embeddable":true,"href":"https:\/\/telensky.com\/sk\/wp-json\/wp\/v2\/comments?post=671"}],"version-history":[{"count":4,"href":"https:\/\/telensky.com\/sk\/wp-json\/wp\/v2\/pages\/671\/revisions"}],"predecessor-version":[{"id":841,"href":"https:\/\/telensky.com\/sk\/wp-json\/wp\/v2\/pages\/671\/revisions\/841"}],"wp:attachment":[{"href":"https:\/\/telensky.com\/sk\/wp-json\/wp\/v2\/media?parent=671"}],"curies":[{"name":"wp","href":"https:\/\/api.w.org\/{rel}","templated":true}]}}