{"id":684,"date":"2019-02-06T10:15:38","date_gmt":"2019-02-06T09:15:38","guid":{"rendered":"https:\/\/telensky.com\/sport\/ledni-hokej\/"},"modified":"2019-04-05T13:08:35","modified_gmt":"2019-04-05T11:08:35","slug":"ladovy-hokej","status":"publish","type":"page","link":"https:\/\/telensky.com\/sk\/sport\/ladovy-hokej\/","title":{"rendered":"\u013dadov\u00fd hokej"},"content":{"rendered":"<div  class=\"lgc-column lgc-grid-parent lgc-grid-60 lgc-tablet-grid-60 lgc-mobile-grid-100 lgc-equal-heights \"><div  class=\"inside-grid-column\">\n<p><span class=\"tlid-translation translation\" lang=\"sk\">Finan\u010dn\u00fd pr\u00edspevok poskytnut\u00fd Janom Telenskym a jeho organiz\u00e1ci\u00ed na podporu hokejov\u00e9ho klubu Poprad v rokoch 2013-2015 predstavoval 204 400 eur v prospech HK Poprad a 300 000 eur v prospech ml\u00e1de\u017ee a juniorsk\u00e9ho hokeje. V obdobie od roku 2005 do roku 2018 p\u00e1n Telensky a jeho spolo\u010dnosti podporili Popradsk\u00fd hokejov\u00fd klub mnoh\u00fdmi sp\u00f4sobmi, vr\u00e1tane invest\u00edci\u00ed do nov\u00e9ho zimn\u00e9ho \u0161tadi\u00f3na, a to celkovo okolo 5 mili\u00f3nov EUR.Sou\u010dasn\u00e1 sez\u00f3na (2018\/2019) sa za\u010dala letnom tr\u00e9ningom pod veden\u00edm Roman Stantien ako nov\u00e9ho ved\u00faceho tr\u00e9nera. T\u00edm seniorov zohral nieko\u013eko pr\u00edpravn\u00fdch stretnut\u00ed vr\u00e1tane dvoch v Cardiffe, kam n\u00e1s pozvali Cardiff Devils, majstri anglickej ligy. <\/span><\/p>\n<p><span class=\"tlid-translation translation\" lang=\"sk\">P\u0159\u00edprava vyvrcholila \u00fa\u010das\u0165ou v 71. Tatranskom poh\u00e1ri, ktor\u00fd sa op\u00e4\u0165 podarilo organizova\u0165 s vysoko kvalitn\u00fdmi t\u00edmami z \u010deskej extraligy, EBEL ligy, franc\u00fazskej ligy a ligy Tipsport. Turnaj bol organiza\u010dn\u00fdm a \u0161portov\u00fdm \u00faspechom, preto\u017ee hokejov\u00e9mu klubu Poprad sa ho podarilo vyhra\u0165. Hokejov\u00fd klub Poprad sa tie\u017e z\u00fa\u010dastnil vy\u0161ehradsk\u00e9ho poh\u00e1ra.<\/span><\/p>\n<p><\/p><\/div><\/div>\n<div  class=\"lgc-column lgc-grid-parent lgc-grid-40 lgc-tablet-grid-40 lgc-mobile-grid-100 lgc-equal-heights \"><div  class=\"inside-grid-column\">\n<p><img loading=\"lazy\" decoding=\"async\" class=\"aligncenter size-full wp-image-207\" src=\"http:\/\/telensky.com\/wp-content\/uploads\/2019\/02\/hockez.jpg\" alt=\"\" width=\"540\" height=\"265\" srcset=\"https:\/\/telensky.com\/wp-content\/uploads\/2019\/02\/hockez.jpg 540w, https:\/\/telensky.com\/wp-content\/uploads\/2019\/02\/hockez-300x147.jpg 300w, https:\/\/telensky.com\/wp-content\/uploads\/2019\/02\/hockez-180x88.jpg 180w\" sizes=\"auto, (max-width: 540px) 100vw, 540px\" \/><\/p>\n<p><iframe loading=\"lazy\" src=\"https:\/\/www.youtube.com\/embed\/STyaOah1c9k\" width=\"560\" height=\"315\" frameborder=\"0\" allowfullscreen=\"allowfullscreen\"><\/iframe><br \/>\n<\/p><\/div><\/div><div class=\"lgc-clear\"><\/div>\n","protected":false},"excerpt":{"rendered":"","protected":false},"author":1,"featured_media":0,"parent":666,"menu_order":0,"comment_status":"closed","ping_status":"closed","template":"","meta":{"footnotes":""},"class_list":["post-684","page","type-page","status-publish","hentry"],"aioseo_notices":[],"_links":{"self":[{"href":"https:\/\/telensky.com\/sk\/wp-json\/wp\/v2\/pages\/684","targetHints":{"allow":["GET"]}}],"collection":[{"href":"https:\/\/telensky.com\/sk\/wp-json\/wp\/v2\/pages"}],"about":[{"href":"https:\/\/telensky.com\/sk\/wp-json\/wp\/v2\/types\/page"}],"author":[{"embeddable":true,"href":"https:\/\/telensky.com\/sk\/wp-json\/wp\/v2\/users\/1"}],"replies":[{"embeddable":true,"href":"https:\/\/telensky.com\/sk\/wp-json\/wp\/v2\/comments?post=684"}],"version-history":[{"count":2,"href":"https:\/\/telensky.com\/sk\/wp-json\/wp\/v2\/pages\/684\/revisions"}],"predecessor-version":[{"id":687,"href":"https:\/\/telensky.com\/sk\/wp-json\/wp\/v2\/pages\/684\/revisions\/687"}],"up":[{"embeddable":true,"href":"https:\/\/telensky.com\/sk\/wp-json\/wp\/v2\/pages\/666"}],"wp:attachment":[{"href":"https:\/\/telensky.com\/sk\/wp-json\/wp\/v2\/media?parent=684"}],"curies":[{"name":"wp","href":"https:\/\/api.w.org\/{rel}","templated":true}]}}