{"id":685,"date":"2019-02-06T10:15:01","date_gmt":"2019-02-06T09:15:01","guid":{"rendered":"https:\/\/telensky.com\/sport\/fotbalove-treninkove-centrum\/"},"modified":"2019-04-05T13:10:13","modified_gmt":"2019-04-05T11:10:13","slug":"futbalove-treningove-centrum","status":"publish","type":"page","link":"https:\/\/telensky.com\/sk\/sport\/futbalove-treningove-centrum\/","title":{"rendered":"Futbalov\u00e9 tr\u00e9ningov\u00e9 centrum"},"content":{"rendered":"<div  class=\"lgc-column lgc-grid-parent lgc-grid-60 lgc-tablet-grid-60 lgc-mobile-grid-100 lgc-equal-heights \"><div  class=\"inside-grid-column\">\n<h2><span class=\"tlid-translation translation\" lang=\"sk\"><span title=\"\">Hr\u00e1\u010di<\/span> <span title=\"\">svetovej<\/span> <span title=\"\">triedy<\/span> <span class=\"\" title=\"\">tr\u00e9novali<\/span> <span class=\"\" title=\"\">v<\/span><\/span> NTC Poprad<\/h2>\n<h3><strong>Marcus Rashford<\/strong><\/h3>\n<p><span class=\"tlid-translation translation\" lang=\"sk\"><span title=\"\">Marcus<\/span> <span title=\"\">Rashford<\/span> <span title=\"\">je anglick\u00fd<\/span> <span title=\"\">profesion\u00e1lny<\/span> <span title=\"\">futbalov\u00fd<\/span> <span title=\"\">\u00fato\u010dn\u00edk<\/span> <span title=\"\">v<\/span> <span title=\"\">klube<\/span> <span title=\"\">Premier<\/span> <span title=\"\">League<\/span> <span title=\"\">Manchester<\/span> <span title=\"\">United<\/span><span title=\"\">.<\/span> <\/span><\/p>\n<p><span class=\"tlid-translation translation\" lang=\"sk\"><span title=\"\">Narodil<\/span> <span title=\"\">v<\/span> <span title=\"\">roku sa<\/span> <span title=\"\">v<\/span> <span title=\"\">31<\/span> <span title=\"\">okt\u00f3bra<\/span> <span title=\"\">1997<\/span> <span title=\"\">vo<\/span> <span title=\"\">Wythenshawe<\/span><span title=\"\">,<\/span> <span title=\"\">Manchester.Marcus<\/span> <span title=\"\">za\u010dal<\/span> <span title=\"\">hra\u0165<\/span> <span class=\"\" title=\"\">futbal v<\/span> <span class=\"\" title=\"\">piatich rokoch<\/span> <span title=\"\">za<\/span> <span title=\"\">Fletcher<\/span> <span title=\"\">Moss<\/span> <span title=\"\">Rangers<\/span> <span title=\"\">a<\/span> <span title=\"\">v<\/span> <span title=\"\">siedmich rokoch<\/span> <span title=\"\">pri\u0161iel<\/span> <span title=\"\">do<\/span> <span class=\"\" title=\"\">akad\u00e9mie<\/span> <span title=\"\">Manchestru<\/span> <span title=\"\">United<\/span><span title=\"\">.<\/span> <span title=\"\">Bol<\/span> <span title=\"\">hviezdna<\/span> <span title=\"\">opora<\/span> <span title=\"\">mlad\u00e9ho<\/span> <span title=\"\">t\u00edmu<\/span> <span class=\"\" title=\"\">a<\/span> <span class=\"\" title=\"\">v rokoch<\/span> <span title=\"\">2013<\/span> <span title=\"\">a<\/span> <span title=\"\">2014<\/span> <span title=\"\">tr\u00e9noval v<\/span> <span title=\"\">AquaCity<\/span> <span title=\"\">Poprad<\/span> <span title=\"\">na<\/span> <span title=\"\">slovensk\u00fd<\/span><span title=\"\">.<\/span><\/span><\/p>\n<h3><strong>Adnan Januzaj<\/strong><\/h3>\n<p><span class=\"tlid-translation translation\" lang=\"sk\"><span title=\"\">Narodil<\/span> <span title=\"\">sa<\/span> <span title=\"\">5. febru\u00e1ra<\/span> <span title=\"\">1995<\/span> <span title=\"\">v Bruseli<\/span><span title=\"\">.<\/span> <span title=\"\">Je<\/span> <span title=\"\">belgick\u00fdm<\/span> <span title=\"\">profesion\u00e1lny futbalista<\/span><span title=\"\">,<\/span> <span title=\"\">ktor\u00fd v s\u00fa\u010dasnosti<\/span> <span title=\"\">hr\u00e1 ako<\/span> <span title=\"\">kr\u00eddlo<\/span> <span title=\"\">za \u0161panielsky<\/span> <span title=\"\">klub<\/span> <span title=\"\">Real<\/span> <span title=\"\">Sociedad<\/span> <span title=\"\">a medzin\u00e1rodn\u00e9<\/span> <span title=\"\">futbal<\/span> <span title=\"\">za<\/span> <span title=\"\">Belgicku.<\/span> <span title=\"\">Adnan<\/span> <span title=\"\">za\u010dal<\/span> <span title=\"\">svoju<\/span> <span class=\"\" title=\"\">futbalov\u00fa<\/span> <span title=\"\">kari\u00e9ru<\/span> <span title=\"\">s klubom<\/span> <span title=\"\">FC<\/span> <span title=\"\">Brussels<\/span><span title=\"\">,<\/span> <span title=\"\">ale<\/span> <span title=\"\">v desiatich<\/span> <span title=\"\">rokoch v<\/span> <span title=\"\">roku<\/span> <span title=\"\">2005<\/span> <span class=\"\" title=\"\">pre\u0161iel do<\/span> <span title=\"\">Anderlechtu<\/span><span title=\"\">.<\/span> <span title=\"\">V marci<\/span> <span title=\"\">2011<\/span><span title=\"\">,<\/span> <span title=\"\">v<\/span> <span title=\"\">16<\/span><span title=\"\">&#8211;<\/span><span title=\"\">tich<\/span> <span title=\"\">rokoch,<\/span> <span title=\"\">odtia\u013e<\/span> <span title=\"\">odi\u0161iel<\/span> <span class=\"\" title=\"\">do klubu<\/span> <span title=\"\">Manchester<\/span> <span title=\"\">United<\/span><span title=\"\">.<\/span> <span title=\"\">Vo<\/span> <span title=\"\">slovensk\u00fdch<\/span> <span title=\"\">Aquacity<\/span> <span title=\"\">Poprad<\/span> <span class=\"\" title=\"\">tr\u00e9noval<\/span> <span class=\"\" title=\"\">v rokoch 2011<\/span> <span title=\"\">a<\/span> <span title=\"\">2012<\/span> <span title=\"\">s<\/span> <span title=\"\">t\u00edmom<\/span> <span title=\"\">Manchester<\/span> <span title=\"\">United<\/span> <span title=\"\">Youth<\/span><span title=\"\">.<\/span><\/span><\/p>\n<h3><strong>Jesse Ellis Lingard<\/strong><\/h3>\n<p><span class=\"tlid-translation translation\" lang=\"sk\"><span title=\"\">Jesse<\/span> <span title=\"\">Ellis<\/span> <span title=\"\">Lingard<\/span> <span title=\"\">sa narodil<\/span> <span title=\"\">15<\/span> <span title=\"\">decembra<\/span> <span title=\"\">1992<\/span> <span title=\"\">vo<\/span> <span title=\"\">Warringtone<\/span><span title=\"\">.<\/span> <span title=\"\">Je anglick\u00fd<\/span> <span title=\"\">profesion\u00e1lny<\/span> <span title=\"\">futbalista<\/span><span title=\"\">,<\/span> <span title=\"\">ktor\u00fd hr\u00e1<\/span> <span title=\"\">ako<\/span> <span title=\"\">\u00fato\u010dn\u00edk<\/span> <span title=\"\">na<\/span> <span title=\"\">stredu<\/span> <span title=\"\">alebo ako<\/span> <span title=\"\">kr\u00eddlo<\/span> <span title=\"\">klubu<\/span> <span title=\"\">Premier<\/span> <span title=\"\">League<\/span> <span title=\"\">Manchester<\/span> <span title=\"\">United<\/span> <span title=\"\">a<\/span> <span title=\"\">anglick\u00e9ho<\/span> <span title=\"\">n\u00e1rodn\u00e9ho<\/span> <span title=\"\">t\u00fdmu.Do<\/span> <span title=\"\">akad\u00e9mie<\/span> <span title=\"\">Manchestru<\/span> <span title=\"\">United<\/span> <span title=\"\">pri\u0161iel<\/span> <span title=\"\">v siedmich<\/span> <span title=\"\">rokoch.<\/span> <span title=\"\">Tu<\/span> <span title=\"\">postupne<\/span> <span title=\"\">pre\u0161iel v\u0161etk\u00fdmi<\/span> <span title=\"\">ml\u00e1de\u017en\u00edckymi<\/span> <span title=\"\">kateg\u00f3riami<\/span><span title=\"\">.<\/span> <span title=\"\">Jesse<\/span> <span title=\"\">bol \u010dlenom<\/span> <span title=\"\">t\u00edmu<\/span> <span title=\"\">Manchester<\/span> <span title=\"\">United<\/span> <span title=\"\">Youth<\/span><span title=\"\">,<\/span> <span title=\"\">ktor\u00fd<\/span> <span title=\"\">tr\u00e9noval v<\/span> <span title=\"\">popradskom<\/span> <span title=\"\">AquaCity<\/span> <span title=\"\">na<\/span> <span title=\"\">slovenskom<\/span> <span class=\"\" title=\"\">v roku 2010.<\/span> <span title=\"\">Bol<\/span> <span title=\"\">tie\u017e \u010dlenom<\/span> <span title=\"\">t\u00edmu<\/span> <span title=\"\">Manchester<\/span> <span title=\"\">United<\/span><span title=\"\">,<\/span> <span title=\"\">ktor\u00fd vyhral<\/span> <span title=\"\">FA<\/span> <span title=\"\">Cup<\/span> <span title=\"\">ml\u00e1de\u017ee<\/span> <span class=\"\" title=\"\">2010\/2011<\/span> <span title=\"\">pred<\/span> <span title=\"\">podp\u00edsan\u00edm<\/span> <span title=\"\">profesion\u00e1lnej zmluvy<\/span> <span title=\"\">v lete<\/span> <span class=\"\" title=\"\">2011<\/span><span class=\"\" title=\"\">.<\/span><\/span><\/p>\n<p><\/p><\/div><\/div>\n<div  class=\"lgc-column lgc-grid-parent lgc-grid-40 lgc-tablet-grid-40 lgc-mobile-grid-100 lgc-equal-heights \"><div  class=\"inside-grid-column\">\n<p><img loading=\"lazy\" decoding=\"async\" class=\"aligncenter size-full wp-image-205\" src=\"http:\/\/telensky.com\/wp-content\/uploads\/2019\/02\/football.jpg\" alt=\"\" width=\"540\" height=\"265\" srcset=\"https:\/\/telensky.com\/wp-content\/uploads\/2019\/02\/football.jpg 540w, https:\/\/telensky.com\/wp-content\/uploads\/2019\/02\/football-300x147.jpg 300w, https:\/\/telensky.com\/wp-content\/uploads\/2019\/02\/football-180x88.jpg 180w\" sizes=\"auto, (max-width: 540px) 100vw, 540px\" \/><\/p>\n<p><\/p><\/div><\/div><div class=\"lgc-clear\"><\/div>\n","protected":false},"excerpt":{"rendered":"","protected":false},"author":1,"featured_media":0,"parent":666,"menu_order":0,"comment_status":"closed","ping_status":"closed","template":"","meta":{"footnotes":""},"class_list":["post-685","page","type-page","status-publish","hentry"],"aioseo_notices":[],"_links":{"self":[{"href":"https:\/\/telensky.com\/sk\/wp-json\/wp\/v2\/pages\/685","targetHints":{"allow":["GET"]}}],"collection":[{"href":"https:\/\/telensky.com\/sk\/wp-json\/wp\/v2\/pages"}],"about":[{"href":"https:\/\/telensky.com\/sk\/wp-json\/wp\/v2\/types\/page"}],"author":[{"embeddable":true,"href":"https:\/\/telensky.com\/sk\/wp-json\/wp\/v2\/users\/1"}],"replies":[{"embeddable":true,"href":"https:\/\/telensky.com\/sk\/wp-json\/wp\/v2\/comments?post=685"}],"version-history":[{"count":3,"href":"https:\/\/telensky.com\/sk\/wp-json\/wp\/v2\/pages\/685\/revisions"}],"predecessor-version":[{"id":690,"href":"https:\/\/telensky.com\/sk\/wp-json\/wp\/v2\/pages\/685\/revisions\/690"}],"up":[{"embeddable":true,"href":"https:\/\/telensky.com\/sk\/wp-json\/wp\/v2\/pages\/666"}],"wp:attachment":[{"href":"https:\/\/telensky.com\/sk\/wp-json\/wp\/v2\/media?parent=685"}],"curies":[{"name":"wp","href":"https:\/\/api.w.org\/{rel}","templated":true}]}}